{"id":14730,"date":"2021-06-23T15:16:20","date_gmt":"2021-06-23T15:16:20","guid":{"rendered":"https:\/\/server.idssoft.net\/idsdemo\/producto\/kit-youtuber-l08-tripode-soporte-smartphone-luz-10-man\/"},"modified":"2021-06-23T15:16:20","modified_gmt":"2021-06-23T15:16:20","slug":"kit-youtuber-l08-tripode-soporte-smartphone-luz-10-man","status":"publish","type":"product","link":"https:\/\/server.idssoft.net\/idsdemo\/producto\/kit-youtuber-l08-tripode-soporte-smartphone-luz-10-man\/","title":{"rendered":"KIT YOUTUBER L08 TRIPODE + SOPORTE SMARTPHONE + LUZ 10 + MAN"},"content":{"rendered":"<p>&#8211; Altura: hasta 160cm<br \/>&#8211; Soporte para smartphone apertura hasta 10cm<br \/>&#8211; L\u00e1mpara led de 10&#034; (26cm di\u00e1metro) con mando para regulaci\u00f3n de luz<br \/>&#8211; Control remoto disparador<br \/>&#8211; Temperatura de color regulable 2700K &#8211; 6500K<br \/>&#8211; Tr\u00ed<\/p>\n","protected":false},"excerpt":{"rendered":"<p>&#8211; Altura: hasta 160cm&#8211; Soporte para smartphone apertura hasta 10cm&#8211; L\u00e1mpara led de 10&#034; (26cm di\u00e1metro) con mando para regulaci\u00f3n de luz&#8211; Control remoto disparador&#8211; Temperatura de color regulable 2700K &#8211; 6500K&#8211; Tr\u00ed<\/p>\n","protected":false},"featured_media":14728,"comment_status":"open","ping_status":"closed","template":"","meta":[],"product_cat":[646],"product_tag":[],"class_list":["post-14730","product","type-product","status-publish","has-post-thumbnail","hentry","product_cat-zona-youtubers","thunk-woo-product-list","opn-qv-enable","top-store-woo-hover-","top-store-single-product-tab-horizontal","top-store-shadow-","top-store-shadow-hover-"],"_links":{"self":[{"href":"https:\/\/server.idssoft.net\/idsdemo\/wp-json\/wp\/v2\/product\/14730","targetHints":{"allow":["GET"]}}],"collection":[{"href":"https:\/\/server.idssoft.net\/idsdemo\/wp-json\/wp\/v2\/product"}],"about":[{"href":"https:\/\/server.idssoft.net\/idsdemo\/wp-json\/wp\/v2\/types\/product"}],"replies":[{"embeddable":true,"href":"https:\/\/server.idssoft.net\/idsdemo\/wp-json\/wp\/v2\/comments?post=14730"}],"wp:featuredmedia":[{"embeddable":true,"href":"https:\/\/server.idssoft.net\/idsdemo\/wp-json\/wp\/v2\/media\/14728"}],"wp:attachment":[{"href":"https:\/\/server.idssoft.net\/idsdemo\/wp-json\/wp\/v2\/media?parent=14730"}],"wp:term":[{"taxonomy":"product_cat","embeddable":true,"href":"https:\/\/server.idssoft.net\/idsdemo\/wp-json\/wp\/v2\/product_cat?post=14730"},{"taxonomy":"product_tag","embeddable":true,"href":"https:\/\/server.idssoft.net\/idsdemo\/wp-json\/wp\/v2\/product_tag?post=14730"}],"curies":[{"name":"wp","href":"https:\/\/api.w.org\/{rel}","templated":true}]}}