{"id":14740,"date":"2021-06-23T15:16:35","date_gmt":"2021-06-23T15:16:35","guid":{"rendered":"https:\/\/server.idssoft.net\/idsdemo\/producto\/raton-gaming-m2-sports-xo\/"},"modified":"2021-06-23T15:16:35","modified_gmt":"2021-06-23T15:16:35","slug":"raton-gaming-m2-sports-xo","status":"publish","type":"product","link":"https:\/\/server.idssoft.net\/idsdemo\/producto\/raton-gaming-m2-sports-xo\/","title":{"rendered":"RATON GAMING M2 SPORTS XO"},"content":{"rendered":"<p>&#8211; Dise\u00f1o de rat\u00f3n c\u00f3modo y ergon\u00f3mico con agarre antideslizante <br \/>&#8211; Longitud del cable: 1.50 Metros<br \/>&#8211; Color LED: Rojo \/ Amariillo \/ Verde<br \/>&#8211; Tecnolog\u00eda de protecci\u00f3n de movimientos: \u00f3ptico.<br \/>&#8211; Dimensiones: 128X65X41 mm<br \/>&#8211; P<\/p>\n","protected":false},"excerpt":{"rendered":"<p>&#8211; Dise\u00f1o de rat\u00f3n c\u00f3modo y ergon\u00f3mico con agarre antideslizante &#8211; Longitud del cable: 1.50 Metros&#8211; Color LED: Rojo \/ Amariillo \/ Verde&#8211; Tecnolog\u00eda de protecci\u00f3n de movimientos: \u00f3ptico.&#8211; Dimensiones: 128X65X41 mm&#8211; P<\/p>\n","protected":false},"featured_media":14737,"comment_status":"open","ping_status":"closed","template":"","meta":[],"product_cat":[461],"product_tag":[],"class_list":["post-14740","product","type-product","status-publish","has-post-thumbnail","hentry","product_cat-teclados-y-ratones-gaming","thunk-woo-product-list","opn-qv-enable","top-store-woo-hover-","top-store-single-product-tab-horizontal","top-store-shadow-","top-store-shadow-hover-"],"_links":{"self":[{"href":"https:\/\/server.idssoft.net\/idsdemo\/wp-json\/wp\/v2\/product\/14740","targetHints":{"allow":["GET"]}}],"collection":[{"href":"https:\/\/server.idssoft.net\/idsdemo\/wp-json\/wp\/v2\/product"}],"about":[{"href":"https:\/\/server.idssoft.net\/idsdemo\/wp-json\/wp\/v2\/types\/product"}],"replies":[{"embeddable":true,"href":"https:\/\/server.idssoft.net\/idsdemo\/wp-json\/wp\/v2\/comments?post=14740"}],"wp:featuredmedia":[{"embeddable":true,"href":"https:\/\/server.idssoft.net\/idsdemo\/wp-json\/wp\/v2\/media\/14737"}],"wp:attachment":[{"href":"https:\/\/server.idssoft.net\/idsdemo\/wp-json\/wp\/v2\/media?parent=14740"}],"wp:term":[{"taxonomy":"product_cat","embeddable":true,"href":"https:\/\/server.idssoft.net\/idsdemo\/wp-json\/wp\/v2\/product_cat?post=14740"},{"taxonomy":"product_tag","embeddable":true,"href":"https:\/\/server.idssoft.net\/idsdemo\/wp-json\/wp\/v2\/product_tag?post=14740"}],"curies":[{"name":"wp","href":"https:\/\/api.w.org\/{rel}","templated":true}]}}