{"id":14783,"date":"2021-06-23T15:17:52","date_gmt":"2021-06-23T15:17:52","guid":{"rendered":"https:\/\/server.idssoft.net\/idsdemo\/producto\/altavoz-f21-mini-bluetooth-xo\/"},"modified":"2021-06-23T15:17:52","modified_gmt":"2021-06-23T15:17:52","slug":"altavoz-f21-mini-bluetooth-xo","status":"publish","type":"product","link":"https:\/\/server.idssoft.net\/idsdemo\/producto\/altavoz-f21-mini-bluetooth-xo\/","title":{"rendered":"ALTAVOZ F21 MINI BLUETOOTH XO"},"content":{"rendered":"<p>&#8211; Bluetooth 5.0<br \/>&#8211; Bater\u00eda: 300mAH<br \/>&#8211; Tiempo de carga: 2 horas aprox.<br \/>&#8211; Tiempo de uso: hasta 2.5 horas<br \/>&#8211; Micr\u00f3fono para funci\u00f3n manos libres incluido<br \/>&#8211; Dimensiones: 65cm de d\u00edametro x 4.2cm altura<br \/>&#8211; Peso: 126gr<br \/>&#8211; C<\/p>\n","protected":false},"excerpt":{"rendered":"<p>&#8211; Bluetooth 5.0&#8211; Bater\u00eda: 300mAH&#8211; Tiempo de carga: 2 horas aprox.&#8211; Tiempo de uso: hasta 2.5 horas&#8211; Micr\u00f3fono para funci\u00f3n manos libres incluido&#8211; Dimensiones: 65cm de d\u00edametro x 4.2cm altura&#8211; Peso: 126gr&#8211; C<\/p>\n","protected":false},"featured_media":14780,"comment_status":"open","ping_status":"closed","template":"","meta":[],"product_cat":[472],"product_tag":[],"class_list":["post-14783","product","type-product","status-publish","has-post-thumbnail","hentry","product_cat-altavoces-bluetooth","thunk-woo-product-list","opn-qv-enable","top-store-woo-hover-","top-store-single-product-tab-horizontal","top-store-shadow-","top-store-shadow-hover-"],"_links":{"self":[{"href":"https:\/\/server.idssoft.net\/idsdemo\/wp-json\/wp\/v2\/product\/14783","targetHints":{"allow":["GET"]}}],"collection":[{"href":"https:\/\/server.idssoft.net\/idsdemo\/wp-json\/wp\/v2\/product"}],"about":[{"href":"https:\/\/server.idssoft.net\/idsdemo\/wp-json\/wp\/v2\/types\/product"}],"replies":[{"embeddable":true,"href":"https:\/\/server.idssoft.net\/idsdemo\/wp-json\/wp\/v2\/comments?post=14783"}],"wp:featuredmedia":[{"embeddable":true,"href":"https:\/\/server.idssoft.net\/idsdemo\/wp-json\/wp\/v2\/media\/14780"}],"wp:attachment":[{"href":"https:\/\/server.idssoft.net\/idsdemo\/wp-json\/wp\/v2\/media?parent=14783"}],"wp:term":[{"taxonomy":"product_cat","embeddable":true,"href":"https:\/\/server.idssoft.net\/idsdemo\/wp-json\/wp\/v2\/product_cat?post=14783"},{"taxonomy":"product_tag","embeddable":true,"href":"https:\/\/server.idssoft.net\/idsdemo\/wp-json\/wp\/v2\/product_tag?post=14783"}],"curies":[{"name":"wp","href":"https:\/\/api.w.org\/{rel}","templated":true}]}}