{"id":14827,"date":"2021-06-23T15:19:10","date_gmt":"2021-06-23T15:19:10","guid":{"rendered":"https:\/\/server.idssoft.net\/idsdemo\/producto\/hercules-inpulse-200-controlador-dj\/"},"modified":"2021-06-23T15:19:10","modified_gmt":"2021-06-23T15:19:10","slug":"hercules-inpulse-200-controlador-dj","status":"publish","type":"product","link":"https:\/\/server.idssoft.net\/idsdemo\/producto\/hercules-inpulse-200-controlador-dj\/","title":{"rendered":"HERCULES INPULSE 200 CONTROLADOR DJ"},"content":{"rendered":"<p>.GU\u00cdAS LUMINOSAS Activa la funci\u00f3n Beatmatch Guide para aprender a mezclar. Desact\u00edvala una vez que ya domines los movimientos. Sigue las flechas TEMPO para ajustar el BPM de cada pista. Sincroniza tus pistas utilizando las flechas BEAT ALIGN.<\/p>\n","protected":false},"excerpt":{"rendered":"<p>.GU\u00cdAS LUMINOSAS Activa la funci\u00f3n Beatmatch Guide para aprender a mezclar. Desact\u00edvala una vez que ya domines los movimientos. Sigue las flechas TEMPO para ajustar el BPM de cada pista. Sincroniza tus pistas utilizando las flechas BEAT ALIGN.<\/p>\n","protected":false},"featured_media":14826,"comment_status":"open","ping_status":"closed","template":"","meta":[],"product_cat":[473],"product_tag":[],"class_list":["post-14827","product","type-product","status-publish","has-post-thumbnail","hentry","product_cat-mesas-de-mezcla","thunk-woo-product-list","opn-qv-enable","top-store-woo-hover-","top-store-single-product-tab-horizontal","top-store-shadow-","top-store-shadow-hover-"],"_links":{"self":[{"href":"https:\/\/server.idssoft.net\/idsdemo\/wp-json\/wp\/v2\/product\/14827","targetHints":{"allow":["GET"]}}],"collection":[{"href":"https:\/\/server.idssoft.net\/idsdemo\/wp-json\/wp\/v2\/product"}],"about":[{"href":"https:\/\/server.idssoft.net\/idsdemo\/wp-json\/wp\/v2\/types\/product"}],"replies":[{"embeddable":true,"href":"https:\/\/server.idssoft.net\/idsdemo\/wp-json\/wp\/v2\/comments?post=14827"}],"wp:featuredmedia":[{"embeddable":true,"href":"https:\/\/server.idssoft.net\/idsdemo\/wp-json\/wp\/v2\/media\/14826"}],"wp:attachment":[{"href":"https:\/\/server.idssoft.net\/idsdemo\/wp-json\/wp\/v2\/media?parent=14827"}],"wp:term":[{"taxonomy":"product_cat","embeddable":true,"href":"https:\/\/server.idssoft.net\/idsdemo\/wp-json\/wp\/v2\/product_cat?post=14827"},{"taxonomy":"product_tag","embeddable":true,"href":"https:\/\/server.idssoft.net\/idsdemo\/wp-json\/wp\/v2\/product_tag?post=14827"}],"curies":[{"name":"wp","href":"https:\/\/api.w.org\/{rel}","templated":true}]}}