{"id":14928,"date":"2021-06-23T15:22:38","date_gmt":"2021-06-23T15:22:38","guid":{"rendered":"https:\/\/server.idssoft.net\/idsdemo\/producto\/satisfyer-love-breeze-succionador-ice-blue\/"},"modified":"2021-06-23T15:22:38","modified_gmt":"2021-06-23T15:22:38","slug":"satisfyer-love-breeze-succionador-ice-blue","status":"publish","type":"product","link":"https:\/\/server.idssoft.net\/idsdemo\/producto\/satisfyer-love-breeze-succionador-ice-blue\/","title":{"rendered":"SATISFYER LOVE BREEZE SUCCIONADOR ICE BLUE"},"content":{"rendered":"<p>Disfruta al m\u00e1ximo con el m\u00ednimo esfuerzo con el succionador Love Breeze.<\/p>\n<p>Cuenta con un potente motor y con 11 funciones de succi\u00f3n Air Pulse. Su forma \u00fanica es ergon\u00f3mica, se asienta perfectamente a la palma de tu mano mientras disfrutas<\/p>\n","protected":false},"excerpt":{"rendered":"<p>Disfruta al m\u00e1ximo con el m\u00ednimo esfuerzo con el succionador Love Breeze. Cuenta con un potente motor y con 11 funciones de succi\u00f3n Air Pulse. Su forma \u00fanica es ergon\u00f3mica, se asienta perfectamente a la palma de tu mano mientras disfrutas<\/p>\n","protected":false},"featured_media":14926,"comment_status":"open","ping_status":"closed","template":"","meta":[],"product_cat":[557],"product_tag":[],"class_list":["post-14928","product","type-product","status-publish","has-post-thumbnail","hentry","product_cat-juguetes-sexuales","thunk-woo-product-list","opn-qv-enable","top-store-woo-hover-","top-store-single-product-tab-horizontal","top-store-shadow-","top-store-shadow-hover-"],"_links":{"self":[{"href":"https:\/\/server.idssoft.net\/idsdemo\/wp-json\/wp\/v2\/product\/14928","targetHints":{"allow":["GET"]}}],"collection":[{"href":"https:\/\/server.idssoft.net\/idsdemo\/wp-json\/wp\/v2\/product"}],"about":[{"href":"https:\/\/server.idssoft.net\/idsdemo\/wp-json\/wp\/v2\/types\/product"}],"replies":[{"embeddable":true,"href":"https:\/\/server.idssoft.net\/idsdemo\/wp-json\/wp\/v2\/comments?post=14928"}],"wp:featuredmedia":[{"embeddable":true,"href":"https:\/\/server.idssoft.net\/idsdemo\/wp-json\/wp\/v2\/media\/14926"}],"wp:attachment":[{"href":"https:\/\/server.idssoft.net\/idsdemo\/wp-json\/wp\/v2\/media?parent=14928"}],"wp:term":[{"taxonomy":"product_cat","embeddable":true,"href":"https:\/\/server.idssoft.net\/idsdemo\/wp-json\/wp\/v2\/product_cat?post=14928"},{"taxonomy":"product_tag","embeddable":true,"href":"https:\/\/server.idssoft.net\/idsdemo\/wp-json\/wp\/v2\/product_tag?post=14928"}],"curies":[{"name":"wp","href":"https:\/\/api.w.org\/{rel}","templated":true}]}}