{"id":14940,"date":"2021-06-23T15:23:00","date_gmt":"2021-06-23T15:23:00","guid":{"rendered":"https:\/\/server.idssoft.net\/idsdemo\/producto\/bombilla-led-smart-wifi-esferica-e27-5w-470lm-rgb\/"},"modified":"2021-06-23T15:23:00","modified_gmt":"2021-06-23T15:23:00","slug":"bombilla-led-smart-wifi-esferica-e27-5w-470lm-rgb","status":"publish","type":"product","link":"https:\/\/server.idssoft.net\/idsdemo\/producto\/bombilla-led-smart-wifi-esferica-e27-5w-470lm-rgb\/","title":{"rendered":"BOMBILLA LED SMART WIFI ESFERICA E27 5W 470LM RGB"},"content":{"rendered":"<p>Bombilla LED Esf\u00e9rica Smart WiFi de 7hSevenOn Home, millones de cambios de color al alcance de tu smartphone. La soluci\u00f3n perfecta para programar el encendido y apagado de las luces de tu casa, incluso cuando no est\u00e1s en ella. Su funcionamiento es<\/p>\n","protected":false},"excerpt":{"rendered":"<p>Bombilla LED Esf\u00e9rica Smart WiFi de 7hSevenOn Home, millones de cambios de color al alcance de tu smartphone. La soluci\u00f3n perfecta para programar el encendido y apagado de las luces de tu casa, incluso cuando no est\u00e1s en ella. Su funcionamiento es<\/p>\n","protected":false},"featured_media":14939,"comment_status":"open","ping_status":"closed","template":"","meta":[],"product_cat":[455],"product_tag":[],"class_list":["post-14940","product","type-product","status-publish","has-post-thumbnail","hentry","product_cat-otras-bombillas-led","thunk-woo-product-list","opn-qv-enable","top-store-woo-hover-","top-store-single-product-tab-horizontal","top-store-shadow-","top-store-shadow-hover-"],"_links":{"self":[{"href":"https:\/\/server.idssoft.net\/idsdemo\/wp-json\/wp\/v2\/product\/14940","targetHints":{"allow":["GET"]}}],"collection":[{"href":"https:\/\/server.idssoft.net\/idsdemo\/wp-json\/wp\/v2\/product"}],"about":[{"href":"https:\/\/server.idssoft.net\/idsdemo\/wp-json\/wp\/v2\/types\/product"}],"replies":[{"embeddable":true,"href":"https:\/\/server.idssoft.net\/idsdemo\/wp-json\/wp\/v2\/comments?post=14940"}],"wp:featuredmedia":[{"embeddable":true,"href":"https:\/\/server.idssoft.net\/idsdemo\/wp-json\/wp\/v2\/media\/14939"}],"wp:attachment":[{"href":"https:\/\/server.idssoft.net\/idsdemo\/wp-json\/wp\/v2\/media?parent=14940"}],"wp:term":[{"taxonomy":"product_cat","embeddable":true,"href":"https:\/\/server.idssoft.net\/idsdemo\/wp-json\/wp\/v2\/product_cat?post=14940"},{"taxonomy":"product_tag","embeddable":true,"href":"https:\/\/server.idssoft.net\/idsdemo\/wp-json\/wp\/v2\/product_tag?post=14940"}],"curies":[{"name":"wp","href":"https:\/\/api.w.org\/{rel}","templated":true}]}}