{"id":14950,"date":"2021-06-23T15:23:18","date_gmt":"2021-06-23T15:23:18","guid":{"rendered":"https:\/\/server.idssoft.net\/idsdemo\/producto\/set-de-4-cubos-de-basura-poker-20-litros-28x40x31cm-bama\/"},"modified":"2021-06-23T15:23:18","modified_gmt":"2021-06-23T15:23:18","slug":"set-de-4-cubos-de-basura-poker-20-litros-28x40x31cm-bama","status":"publish","type":"product","link":"https:\/\/server.idssoft.net\/idsdemo\/producto\/set-de-4-cubos-de-basura-poker-20-litros-28x40x31cm-bama\/","title":{"rendered":"SET DE 4 CUBOS DE BASURA POKER 20 LITROS 28X40X31CM BAMA"},"content":{"rendered":"<p>Set 4 Cubos Reciclaje Poker de BAMA, la ayuda perfecta para reciclar en casa. Gracias a sus diferentes m\u00f3dulos podr\u00e1s clasificar los residuos de manera muy sencilla. Dispone de 4 tapas de diferentes colores que te ayudar\u00e1n a separar la basura sin c<\/p>\n","protected":false},"excerpt":{"rendered":"<p>Set 4 Cubos Reciclaje Poker de BAMA, la ayuda perfecta para reciclar en casa. Gracias a sus diferentes m\u00f3dulos podr\u00e1s clasificar los residuos de manera muy sencilla. Dispone de 4 tapas de diferentes colores que te ayudar\u00e1n a separar la basura sin c<\/p>\n","protected":false},"featured_media":14948,"comment_status":"open","ping_status":"closed","template":"","meta":[],"product_cat":[544],"product_tag":[],"class_list":["post-14950","product","type-product","status-publish","has-post-thumbnail","hentry","product_cat-papeleras","thunk-woo-product-list","opn-qv-enable","top-store-woo-hover-","top-store-single-product-tab-horizontal","top-store-shadow-","top-store-shadow-hover-"],"_links":{"self":[{"href":"https:\/\/server.idssoft.net\/idsdemo\/wp-json\/wp\/v2\/product\/14950","targetHints":{"allow":["GET"]}}],"collection":[{"href":"https:\/\/server.idssoft.net\/idsdemo\/wp-json\/wp\/v2\/product"}],"about":[{"href":"https:\/\/server.idssoft.net\/idsdemo\/wp-json\/wp\/v2\/types\/product"}],"replies":[{"embeddable":true,"href":"https:\/\/server.idssoft.net\/idsdemo\/wp-json\/wp\/v2\/comments?post=14950"}],"wp:featuredmedia":[{"embeddable":true,"href":"https:\/\/server.idssoft.net\/idsdemo\/wp-json\/wp\/v2\/media\/14948"}],"wp:attachment":[{"href":"https:\/\/server.idssoft.net\/idsdemo\/wp-json\/wp\/v2\/media?parent=14950"}],"wp:term":[{"taxonomy":"product_cat","embeddable":true,"href":"https:\/\/server.idssoft.net\/idsdemo\/wp-json\/wp\/v2\/product_cat?post=14950"},{"taxonomy":"product_tag","embeddable":true,"href":"https:\/\/server.idssoft.net\/idsdemo\/wp-json\/wp\/v2\/product_tag?post=14950"}],"curies":[{"name":"wp","href":"https:\/\/api.w.org\/{rel}","templated":true}]}}