{"id":14952,"date":"2021-06-23T15:23:22","date_gmt":"2021-06-23T15:23:22","guid":{"rendered":"https:\/\/server.idssoft.net\/idsdemo\/producto\/comedero-para-mascotas-0-6-litros-bama\/"},"modified":"2021-06-23T15:23:22","modified_gmt":"2021-06-23T15:23:22","slug":"comedero-para-mascotas-0-6-litros-bama","status":"publish","type":"product","link":"https:\/\/server.idssoft.net\/idsdemo\/producto\/comedero-para-mascotas-0-6-litros-bama\/","title":{"rendered":"COMEDERO PARA MASCOTAS 0.6 LITROS BAMA"},"content":{"rendered":"<p>Comedero para perros fabricado en pl\u00e1stico PP, de color marr\u00f3n con acabado brillante.<br \/>Dimensiones: 4,7 x 19,4 cm (altura x \u00d8)<\/p>\n<p>Capacidad &#8211; 0,6 Litros<\/p>\n<p>Color &#8211; Marr\u00f3n<\/p>\n<p>Peso &#8211; 0,1 Kg<\/p>\n","protected":false},"excerpt":{"rendered":"<p>Comedero para perros fabricado en pl\u00e1stico PP, de color marr\u00f3n con acabado brillante.Dimensiones: 4,7 x 19,4 cm (altura x \u00d8) Capacidad &#8211; 0,6 Litros Color &#8211; Marr\u00f3n Peso &#8211; 0,1 Kg<\/p>\n","protected":false},"featured_media":14951,"comment_status":"open","ping_status":"closed","template":"","meta":[],"product_cat":[553],"product_tag":[],"class_list":["post-14952","product","type-product","status-publish","has-post-thumbnail","hentry","product_cat-mascotas","thunk-woo-product-list","opn-qv-enable","top-store-woo-hover-","top-store-single-product-tab-horizontal","top-store-shadow-","top-store-shadow-hover-"],"_links":{"self":[{"href":"https:\/\/server.idssoft.net\/idsdemo\/wp-json\/wp\/v2\/product\/14952","targetHints":{"allow":["GET"]}}],"collection":[{"href":"https:\/\/server.idssoft.net\/idsdemo\/wp-json\/wp\/v2\/product"}],"about":[{"href":"https:\/\/server.idssoft.net\/idsdemo\/wp-json\/wp\/v2\/types\/product"}],"replies":[{"embeddable":true,"href":"https:\/\/server.idssoft.net\/idsdemo\/wp-json\/wp\/v2\/comments?post=14952"}],"wp:featuredmedia":[{"embeddable":true,"href":"https:\/\/server.idssoft.net\/idsdemo\/wp-json\/wp\/v2\/media\/14951"}],"wp:attachment":[{"href":"https:\/\/server.idssoft.net\/idsdemo\/wp-json\/wp\/v2\/media?parent=14952"}],"wp:term":[{"taxonomy":"product_cat","embeddable":true,"href":"https:\/\/server.idssoft.net\/idsdemo\/wp-json\/wp\/v2\/product_cat?post=14952"},{"taxonomy":"product_tag","embeddable":true,"href":"https:\/\/server.idssoft.net\/idsdemo\/wp-json\/wp\/v2\/product_tag?post=14952"}],"curies":[{"name":"wp","href":"https:\/\/api.w.org\/{rel}","templated":true}]}}