{"id":14964,"date":"2021-06-23T15:23:44","date_gmt":"2021-06-23T15:23:44","guid":{"rendered":"https:\/\/server.idssoft.net\/idsdemo\/producto\/pack-walkie-talkie-motorola-t82-extreme-rsm-10km-16ch\/"},"modified":"2021-06-23T15:23:44","modified_gmt":"2021-06-23T15:23:44","slug":"pack-walkie-talkie-motorola-t82-extreme-rsm-10km-16ch","status":"publish","type":"product","link":"https:\/\/server.idssoft.net\/idsdemo\/producto\/pack-walkie-talkie-motorola-t82-extreme-rsm-10km-16ch\/","title":{"rendered":"PACK WALKIE-TALKIE MOTOROLA T82 EXTREME RSM 10KM 16CH"},"content":{"rendered":"<p>&#8211; Frecuencia de banda: PMR446<br \/>&#8211; Potencia de transmisi\u00f3n: 500 mW<br \/>&#8211; Anchura de banda: 12,5 Khz<br \/>&#8211; Canales: 16 +121 c\u00f3digos de privacidad<br \/>&#8211; Rango: Hasta 10km<br \/>&#8211; Tama\u00f1o An x P x Al: 5,7 x 18,1 x 3,3 cm<br \/>&#8211; Peso: 197 gramos (co<\/p>\n","protected":false},"excerpt":{"rendered":"<p>&#8211; Frecuencia de banda: PMR446&#8211; Potencia de transmisi\u00f3n: 500 mW&#8211; Anchura de banda: 12,5 Khz&#8211; Canales: 16 +121 c\u00f3digos de privacidad&#8211; Rango: Hasta 10km&#8211; Tama\u00f1o An x P x Al: 5,7 x 18,1 x 3,3 cm&#8211; Peso: 197 gramos (co<\/p>\n","protected":false},"featured_media":14962,"comment_status":"open","ping_status":"closed","template":"","meta":[],"product_cat":[479],"product_tag":[],"class_list":["post-14964","product","type-product","status-publish","has-post-thumbnail","hentry","product_cat-walkie-talkie","thunk-woo-product-list","opn-qv-enable","top-store-woo-hover-","top-store-single-product-tab-horizontal","top-store-shadow-","top-store-shadow-hover-"],"_links":{"self":[{"href":"https:\/\/server.idssoft.net\/idsdemo\/wp-json\/wp\/v2\/product\/14964","targetHints":{"allow":["GET"]}}],"collection":[{"href":"https:\/\/server.idssoft.net\/idsdemo\/wp-json\/wp\/v2\/product"}],"about":[{"href":"https:\/\/server.idssoft.net\/idsdemo\/wp-json\/wp\/v2\/types\/product"}],"replies":[{"embeddable":true,"href":"https:\/\/server.idssoft.net\/idsdemo\/wp-json\/wp\/v2\/comments?post=14964"}],"wp:featuredmedia":[{"embeddable":true,"href":"https:\/\/server.idssoft.net\/idsdemo\/wp-json\/wp\/v2\/media\/14962"}],"wp:attachment":[{"href":"https:\/\/server.idssoft.net\/idsdemo\/wp-json\/wp\/v2\/media?parent=14964"}],"wp:term":[{"taxonomy":"product_cat","embeddable":true,"href":"https:\/\/server.idssoft.net\/idsdemo\/wp-json\/wp\/v2\/product_cat?post=14964"},{"taxonomy":"product_tag","embeddable":true,"href":"https:\/\/server.idssoft.net\/idsdemo\/wp-json\/wp\/v2\/product_tag?post=14964"}],"curies":[{"name":"wp","href":"https:\/\/api.w.org\/{rel}","templated":true}]}}