{"id":14972,"date":"2021-06-23T15:23:58","date_gmt":"2021-06-23T15:23:58","guid":{"rendered":"https:\/\/server.idssoft.net\/idsdemo\/producto\/telefono-inalambrico-con-contestador-motorola-e211-dect\/"},"modified":"2021-06-23T15:23:58","modified_gmt":"2021-06-23T15:23:58","slug":"telefono-inalambrico-con-contestador-motorola-e211-dect","status":"publish","type":"product","link":"https:\/\/server.idssoft.net\/idsdemo\/producto\/telefono-inalambrico-con-contestador-motorola-e211-dect\/","title":{"rendered":"TELEFONO INALAMBRICO CON CONTESTADOR MOTOROLA E211 DECT"},"content":{"rendered":"<p>El Motorola E2, un terminal elegante y de f\u00e1cil uso. Tiene una pantalla blanca y negra que cuando se enciende brilla de color ambar, incorpora todas las caracter\u00edsticas principales de los tel\u00e9fonos inal\u00e1mbricos modernos. Ofrece bloqueo de llamadas<\/p>\n","protected":false},"excerpt":{"rendered":"<p>El Motorola E2, un terminal elegante y de f\u00e1cil uso. Tiene una pantalla blanca y negra que cuando se enciende brilla de color ambar, incorpora todas las caracter\u00edsticas principales de los tel\u00e9fonos inal\u00e1mbricos modernos. Ofrece bloqueo de llamadas<\/p>\n","protected":false},"featured_media":14971,"comment_status":"open","ping_status":"closed","template":"","meta":[],"product_cat":[488],"product_tag":[],"class_list":["post-14972","product","type-product","status-publish","has-post-thumbnail","hentry","product_cat-telefonia-fija-inalmbrica","thunk-woo-product-list","opn-qv-enable","top-store-woo-hover-","top-store-single-product-tab-horizontal","top-store-shadow-","top-store-shadow-hover-"],"_links":{"self":[{"href":"https:\/\/server.idssoft.net\/idsdemo\/wp-json\/wp\/v2\/product\/14972","targetHints":{"allow":["GET"]}}],"collection":[{"href":"https:\/\/server.idssoft.net\/idsdemo\/wp-json\/wp\/v2\/product"}],"about":[{"href":"https:\/\/server.idssoft.net\/idsdemo\/wp-json\/wp\/v2\/types\/product"}],"replies":[{"embeddable":true,"href":"https:\/\/server.idssoft.net\/idsdemo\/wp-json\/wp\/v2\/comments?post=14972"}],"wp:featuredmedia":[{"embeddable":true,"href":"https:\/\/server.idssoft.net\/idsdemo\/wp-json\/wp\/v2\/media\/14971"}],"wp:attachment":[{"href":"https:\/\/server.idssoft.net\/idsdemo\/wp-json\/wp\/v2\/media?parent=14972"}],"wp:term":[{"taxonomy":"product_cat","embeddable":true,"href":"https:\/\/server.idssoft.net\/idsdemo\/wp-json\/wp\/v2\/product_cat?post=14972"},{"taxonomy":"product_tag","embeddable":true,"href":"https:\/\/server.idssoft.net\/idsdemo\/wp-json\/wp\/v2\/product_tag?post=14972"}],"curies":[{"name":"wp","href":"https:\/\/api.w.org\/{rel}","templated":true}]}}