{"id":14990,"date":"2021-06-23T15:24:32","date_gmt":"2021-06-23T15:24:32","guid":{"rendered":"https:\/\/server.idssoft.net\/idsdemo\/producto\/mesa-redonda-de-comedor-estilo-nordico-74x120cm-thinia-blanc\/"},"modified":"2021-06-23T15:24:32","modified_gmt":"2021-06-23T15:24:32","slug":"mesa-redonda-de-comedor-estilo-nordico-74x120cm-thinia-blanc","status":"publish","type":"product","link":"https:\/\/server.idssoft.net\/idsdemo\/producto\/mesa-redonda-de-comedor-estilo-nordico-74x120cm-thinia-blanc\/","title":{"rendered":"MESA REDONDA DE COMEDOR ESTILO NORDICO 74X120CM THINIA BLANC"},"content":{"rendered":"<p>Mesa de comedor con forma redonda estilo n\u00f3rdico THINIA HOME, fabricada con aleaci\u00f3n de aluminio, Madera MDF y Madera de Haya<\/p>\n<p>Dimensiones: 74 x 120 cm (altura x F)<\/p>\n<p>Carga M\u00e1xima &#8211; 100 Kg<\/p>\n<p>Peso &#8211; 17 Kg<\/p>\n","protected":false},"excerpt":{"rendered":"<p>Mesa de comedor con forma redonda estilo n\u00f3rdico THINIA HOME, fabricada con aleaci\u00f3n de aluminio, Madera MDF y Madera de Haya Dimensiones: 74 x 120 cm (altura x F) Carga M\u00e1xima &#8211; 100 Kg Peso &#8211; 17 Kg<\/p>\n","protected":false},"featured_media":14988,"comment_status":"open","ping_status":"closed","template":"","meta":[],"product_cat":[532],"product_tag":[],"class_list":["post-14990","product","type-product","status-publish","has-post-thumbnail","hentry","product_cat-mesas","thunk-woo-product-list","opn-qv-enable","top-store-woo-hover-","top-store-single-product-tab-horizontal","top-store-shadow-","top-store-shadow-hover-"],"_links":{"self":[{"href":"https:\/\/server.idssoft.net\/idsdemo\/wp-json\/wp\/v2\/product\/14990","targetHints":{"allow":["GET"]}}],"collection":[{"href":"https:\/\/server.idssoft.net\/idsdemo\/wp-json\/wp\/v2\/product"}],"about":[{"href":"https:\/\/server.idssoft.net\/idsdemo\/wp-json\/wp\/v2\/types\/product"}],"replies":[{"embeddable":true,"href":"https:\/\/server.idssoft.net\/idsdemo\/wp-json\/wp\/v2\/comments?post=14990"}],"wp:featuredmedia":[{"embeddable":true,"href":"https:\/\/server.idssoft.net\/idsdemo\/wp-json\/wp\/v2\/media\/14988"}],"wp:attachment":[{"href":"https:\/\/server.idssoft.net\/idsdemo\/wp-json\/wp\/v2\/media?parent=14990"}],"wp:term":[{"taxonomy":"product_cat","embeddable":true,"href":"https:\/\/server.idssoft.net\/idsdemo\/wp-json\/wp\/v2\/product_cat?post=14990"},{"taxonomy":"product_tag","embeddable":true,"href":"https:\/\/server.idssoft.net\/idsdemo\/wp-json\/wp\/v2\/product_tag?post=14990"}],"curies":[{"name":"wp","href":"https:\/\/api.w.org\/{rel}","templated":true}]}}