{"id":14999,"date":"2021-06-23T15:24:47","date_gmt":"2021-06-23T15:24:47","guid":{"rendered":"https:\/\/server.idssoft.net\/idsdemo\/producto\/silla-estilo-nordico-blanca-81x61x62cm\/"},"modified":"2021-06-23T15:24:47","modified_gmt":"2021-06-23T15:24:47","slug":"silla-estilo-nordico-blanca-81x61x62cm","status":"publish","type":"product","link":"https:\/\/server.idssoft.net\/idsdemo\/producto\/silla-estilo-nordico-blanca-81x61x62cm\/","title":{"rendered":"SILLA ESTILO NORDICO BLANCA 81X61X62CM"},"content":{"rendered":"<p>Mantenimiento del Producto: Las sillas, como cualquier otro elemento de un espacio, comienzan a acumular suciedad con el paso del tiempo, incluso cuando son utilizadas con mucho cuidado, es importante mantener las sillas limpias y m\u00e1s a\u00fan en d\u00f3nde<\/p>\n","protected":false},"excerpt":{"rendered":"<p>Mantenimiento del Producto: Las sillas, como cualquier otro elemento de un espacio, comienzan a acumular suciedad con el paso del tiempo, incluso cuando son utilizadas con mucho cuidado, es importante mantener las sillas limpias y m\u00e1s a\u00fan en d\u00f3nde<\/p>\n","protected":false},"featured_media":14997,"comment_status":"open","ping_status":"closed","template":"","meta":[],"product_cat":[533],"product_tag":[],"class_list":["post-14999","product","type-product","status-publish","has-post-thumbnail","hentry","product_cat-sillas","thunk-woo-product-list","opn-qv-enable","top-store-woo-hover-","top-store-single-product-tab-horizontal","top-store-shadow-","top-store-shadow-hover-"],"_links":{"self":[{"href":"https:\/\/server.idssoft.net\/idsdemo\/wp-json\/wp\/v2\/product\/14999","targetHints":{"allow":["GET"]}}],"collection":[{"href":"https:\/\/server.idssoft.net\/idsdemo\/wp-json\/wp\/v2\/product"}],"about":[{"href":"https:\/\/server.idssoft.net\/idsdemo\/wp-json\/wp\/v2\/types\/product"}],"replies":[{"embeddable":true,"href":"https:\/\/server.idssoft.net\/idsdemo\/wp-json\/wp\/v2\/comments?post=14999"}],"wp:featuredmedia":[{"embeddable":true,"href":"https:\/\/server.idssoft.net\/idsdemo\/wp-json\/wp\/v2\/media\/14997"}],"wp:attachment":[{"href":"https:\/\/server.idssoft.net\/idsdemo\/wp-json\/wp\/v2\/media?parent=14999"}],"wp:term":[{"taxonomy":"product_cat","embeddable":true,"href":"https:\/\/server.idssoft.net\/idsdemo\/wp-json\/wp\/v2\/product_cat?post=14999"},{"taxonomy":"product_tag","embeddable":true,"href":"https:\/\/server.idssoft.net\/idsdemo\/wp-json\/wp\/v2\/product_tag?post=14999"}],"curies":[{"name":"wp","href":"https:\/\/api.w.org\/{rel}","templated":true}]}}