{"id":15002,"date":"2021-06-23T15:24:52","date_gmt":"2021-06-23T15:24:52","guid":{"rendered":"https:\/\/server.idssoft.net\/idsdemo\/producto\/silla-estilo-nordico-negra-81x61x62cm\/"},"modified":"2021-06-23T15:24:52","modified_gmt":"2021-06-23T15:24:52","slug":"silla-estilo-nordico-negra-81x61x62cm","status":"publish","type":"product","link":"https:\/\/server.idssoft.net\/idsdemo\/producto\/silla-estilo-nordico-negra-81x61x62cm\/","title":{"rendered":"SILLA ESTILO NORDICO NEGRA 81X61X62CM"},"content":{"rendered":"<p>Mantenimiento del Producto: Las sillas, como cualquier otro elemento de un espacio, comienzan a acumular suciedad con el paso del tiempo, incluso cuando son utilizadas con mucho cuidado, es importante mantener las sillas limpias y m\u00e1s a\u00fan en d\u00f3nde<\/p>\n","protected":false},"excerpt":{"rendered":"<p>Mantenimiento del Producto: Las sillas, como cualquier otro elemento de un espacio, comienzan a acumular suciedad con el paso del tiempo, incluso cuando son utilizadas con mucho cuidado, es importante mantener las sillas limpias y m\u00e1s a\u00fan en d\u00f3nde<\/p>\n","protected":false},"featured_media":15000,"comment_status":"open","ping_status":"closed","template":"","meta":[],"product_cat":[533],"product_tag":[],"class_list":["post-15002","product","type-product","status-publish","has-post-thumbnail","hentry","product_cat-sillas","thunk-woo-product-list","opn-qv-enable","top-store-woo-hover-","top-store-single-product-tab-horizontal","top-store-shadow-","top-store-shadow-hover-"],"_links":{"self":[{"href":"https:\/\/server.idssoft.net\/idsdemo\/wp-json\/wp\/v2\/product\/15002","targetHints":{"allow":["GET"]}}],"collection":[{"href":"https:\/\/server.idssoft.net\/idsdemo\/wp-json\/wp\/v2\/product"}],"about":[{"href":"https:\/\/server.idssoft.net\/idsdemo\/wp-json\/wp\/v2\/types\/product"}],"replies":[{"embeddable":true,"href":"https:\/\/server.idssoft.net\/idsdemo\/wp-json\/wp\/v2\/comments?post=15002"}],"wp:featuredmedia":[{"embeddable":true,"href":"https:\/\/server.idssoft.net\/idsdemo\/wp-json\/wp\/v2\/media\/15000"}],"wp:attachment":[{"href":"https:\/\/server.idssoft.net\/idsdemo\/wp-json\/wp\/v2\/media?parent=15002"}],"wp:term":[{"taxonomy":"product_cat","embeddable":true,"href":"https:\/\/server.idssoft.net\/idsdemo\/wp-json\/wp\/v2\/product_cat?post=15002"},{"taxonomy":"product_tag","embeddable":true,"href":"https:\/\/server.idssoft.net\/idsdemo\/wp-json\/wp\/v2\/product_tag?post=15002"}],"curies":[{"name":"wp","href":"https:\/\/api.w.org\/{rel}","templated":true}]}}