{"id":15037,"date":"2021-06-23T15:26:03","date_gmt":"2021-06-23T15:26:03","guid":{"rendered":"https:\/\/server.idssoft.net\/idsdemo\/producto\/pack-40-mascarillas-blancas-quirurgicas-prosafe\/"},"modified":"2021-06-23T15:26:03","modified_gmt":"2021-06-23T15:26:03","slug":"pack-40-mascarillas-blancas-quirurgicas-prosafe","status":"publish","type":"product","link":"https:\/\/server.idssoft.net\/idsdemo\/producto\/pack-40-mascarillas-blancas-quirurgicas-prosafe\/","title":{"rendered":"PACK 40 MASCARILLAS BLANCAS QUIRURGICAS PROSAFE"},"content":{"rendered":"<p>Mascarilla quir\u00fargica desechable Tipo IIR, hecha en Espa\u00f1a. 100% polipropileno con componentes de m\u00e1xima calidad, propiedades hidr\u00f3fobas, materiales certificados. Producci\u00f3n seg\u00fan normativa EN 14683:2019 + AC:2019 (BFE mayor a 98 &#8211; Respirabilida<\/p>\n","protected":false},"excerpt":{"rendered":"<p>Mascarilla quir\u00fargica desechable Tipo IIR, hecha en Espa\u00f1a. 100% polipropileno con componentes de m\u00e1xima calidad, propiedades hidr\u00f3fobas, materiales certificados. Producci\u00f3n seg\u00fan normativa EN 14683:2019 + AC:2019 (BFE mayor a 98 &#8211; Respirabilida<\/p>\n","protected":false},"featured_media":15036,"comment_status":"open","ping_status":"closed","template":"","meta":[],"product_cat":[649],"product_tag":[],"class_list":["post-15037","product","type-product","status-publish","has-post-thumbnail","hentry","product_cat-mascarillas-pantallas","thunk-woo-product-list","opn-qv-enable","top-store-woo-hover-","top-store-single-product-tab-horizontal","top-store-shadow-","top-store-shadow-hover-"],"_links":{"self":[{"href":"https:\/\/server.idssoft.net\/idsdemo\/wp-json\/wp\/v2\/product\/15037","targetHints":{"allow":["GET"]}}],"collection":[{"href":"https:\/\/server.idssoft.net\/idsdemo\/wp-json\/wp\/v2\/product"}],"about":[{"href":"https:\/\/server.idssoft.net\/idsdemo\/wp-json\/wp\/v2\/types\/product"}],"replies":[{"embeddable":true,"href":"https:\/\/server.idssoft.net\/idsdemo\/wp-json\/wp\/v2\/comments?post=15037"}],"wp:featuredmedia":[{"embeddable":true,"href":"https:\/\/server.idssoft.net\/idsdemo\/wp-json\/wp\/v2\/media\/15036"}],"wp:attachment":[{"href":"https:\/\/server.idssoft.net\/idsdemo\/wp-json\/wp\/v2\/media?parent=15037"}],"wp:term":[{"taxonomy":"product_cat","embeddable":true,"href":"https:\/\/server.idssoft.net\/idsdemo\/wp-json\/wp\/v2\/product_cat?post=15037"},{"taxonomy":"product_tag","embeddable":true,"href":"https:\/\/server.idssoft.net\/idsdemo\/wp-json\/wp\/v2\/product_tag?post=15037"}],"curies":[{"name":"wp","href":"https:\/\/api.w.org\/{rel}","templated":true}]}}