{"id":15039,"date":"2021-06-23T15:26:08","date_gmt":"2021-06-23T15:26:08","guid":{"rendered":"https:\/\/server.idssoft.net\/idsdemo\/producto\/pack-motorola-c4201-fijoinalambrico-dect-negro\/"},"modified":"2021-06-23T15:26:08","modified_gmt":"2021-06-23T15:26:08","slug":"pack-motorola-c4201-fijoinalambrico-dect-negro","status":"publish","type":"product","link":"https:\/\/server.idssoft.net\/idsdemo\/producto\/pack-motorola-c4201-fijoinalambrico-dect-negro\/","title":{"rendered":"PACK MOTOROLA C4201 FIJO+INALAMBRICO DECT NEGRO"},"content":{"rendered":"<p>&#8211; Posibilidad de realizar y recibir llamadas del tel\u00e9fono fijo de cable al tel\u00e9fono inal\u00e1mbrico.<br \/>&#8211; Modo de emergencia para realizar llamadas desde el tel\u00e9fono fijo de cable sin adaptador de corriente.<br \/>&#8211; Transferencia de llamadas entre te<\/p>\n","protected":false},"excerpt":{"rendered":"<p>&#8211; Posibilidad de realizar y recibir llamadas del tel\u00e9fono fijo de cable al tel\u00e9fono inal\u00e1mbrico.&#8211; Modo de emergencia para realizar llamadas desde el tel\u00e9fono fijo de cable sin adaptador de corriente.&#8211; Transferencia de llamadas entre te<\/p>\n","protected":false},"featured_media":15038,"comment_status":"open","ping_status":"closed","template":"","meta":[],"product_cat":[487],"product_tag":[],"class_list":["post-15039","product","type-product","status-publish","has-post-thumbnail","hentry","product_cat-telefona-fija-sobremesa","thunk-woo-product-list","opn-qv-enable","top-store-woo-hover-","top-store-single-product-tab-horizontal","top-store-shadow-","top-store-shadow-hover-"],"_links":{"self":[{"href":"https:\/\/server.idssoft.net\/idsdemo\/wp-json\/wp\/v2\/product\/15039","targetHints":{"allow":["GET"]}}],"collection":[{"href":"https:\/\/server.idssoft.net\/idsdemo\/wp-json\/wp\/v2\/product"}],"about":[{"href":"https:\/\/server.idssoft.net\/idsdemo\/wp-json\/wp\/v2\/types\/product"}],"replies":[{"embeddable":true,"href":"https:\/\/server.idssoft.net\/idsdemo\/wp-json\/wp\/v2\/comments?post=15039"}],"wp:featuredmedia":[{"embeddable":true,"href":"https:\/\/server.idssoft.net\/idsdemo\/wp-json\/wp\/v2\/media\/15038"}],"wp:attachment":[{"href":"https:\/\/server.idssoft.net\/idsdemo\/wp-json\/wp\/v2\/media?parent=15039"}],"wp:term":[{"taxonomy":"product_cat","embeddable":true,"href":"https:\/\/server.idssoft.net\/idsdemo\/wp-json\/wp\/v2\/product_cat?post=15039"},{"taxonomy":"product_tag","embeddable":true,"href":"https:\/\/server.idssoft.net\/idsdemo\/wp-json\/wp\/v2\/product_tag?post=15039"}],"curies":[{"name":"wp","href":"https:\/\/api.w.org\/{rel}","templated":true}]}}