{"id":15045,"date":"2021-06-23T15:26:18","date_gmt":"2021-06-23T15:26:18","guid":{"rendered":"https:\/\/server.idssoft.net\/idsdemo\/producto\/lector-dni-3-0-y-tarjetas-criptograficas-bw0025-biwond\/"},"modified":"2021-06-23T15:26:18","modified_gmt":"2021-06-23T15:26:18","slug":"lector-dni-3-0-y-tarjetas-criptograficas-bw0025-biwond","status":"publish","type":"product","link":"https:\/\/server.idssoft.net\/idsdemo\/producto\/lector-dni-3-0-y-tarjetas-criptograficas-bw0025-biwond\/","title":{"rendered":"LECTOR DNI 3.0 Y TARJETAS CRIPTOGR\u00c1FICAS BW0025 BIWOND"},"content":{"rendered":"<p>La soluci\u00f3n perfecta para realizar gestiones a trav\u00e9s de internet sin necesidad de esperar largas colas. Lector Externo de DNI-e y Tarjetas Criptogr\u00e1ficas Biwond con conexi\u00f3n USB. Con este lector podr\u00e1 realizar m\u00faltiples gestiones de forma segur<\/p>\n","protected":false},"excerpt":{"rendered":"<p>La soluci\u00f3n perfecta para realizar gestiones a trav\u00e9s de internet sin necesidad de esperar largas colas. Lector Externo de DNI-e y Tarjetas Criptogr\u00e1ficas Biwond con conexi\u00f3n USB. Con este lector podr\u00e1 realizar m\u00faltiples gestiones de forma segur<\/p>\n","protected":false},"featured_media":15043,"comment_status":"open","ping_status":"closed","template":"","meta":[],"product_cat":[483],"product_tag":[],"class_list":["post-15045","product","type-product","status-publish","has-post-thumbnail","hentry","product_cat-lectores-tarjetas-hubs","thunk-woo-product-list","opn-qv-enable","top-store-woo-hover-","top-store-single-product-tab-horizontal","top-store-shadow-","top-store-shadow-hover-"],"_links":{"self":[{"href":"https:\/\/server.idssoft.net\/idsdemo\/wp-json\/wp\/v2\/product\/15045","targetHints":{"allow":["GET"]}}],"collection":[{"href":"https:\/\/server.idssoft.net\/idsdemo\/wp-json\/wp\/v2\/product"}],"about":[{"href":"https:\/\/server.idssoft.net\/idsdemo\/wp-json\/wp\/v2\/types\/product"}],"replies":[{"embeddable":true,"href":"https:\/\/server.idssoft.net\/idsdemo\/wp-json\/wp\/v2\/comments?post=15045"}],"wp:featuredmedia":[{"embeddable":true,"href":"https:\/\/server.idssoft.net\/idsdemo\/wp-json\/wp\/v2\/media\/15043"}],"wp:attachment":[{"href":"https:\/\/server.idssoft.net\/idsdemo\/wp-json\/wp\/v2\/media?parent=15045"}],"wp:term":[{"taxonomy":"product_cat","embeddable":true,"href":"https:\/\/server.idssoft.net\/idsdemo\/wp-json\/wp\/v2\/product_cat?post=15045"},{"taxonomy":"product_tag","embeddable":true,"href":"https:\/\/server.idssoft.net\/idsdemo\/wp-json\/wp\/v2\/product_tag?post=15045"}],"curies":[{"name":"wp","href":"https:\/\/api.w.org\/{rel}","templated":true}]}}