{"id":15048,"date":"2021-06-23T15:26:23","date_gmt":"2021-06-23T15:26:23","guid":{"rendered":"https:\/\/server.idssoft.net\/idsdemo\/producto\/megafono-portatil-pocketvoice-blanco-biwond\/"},"modified":"2021-06-23T15:26:23","modified_gmt":"2021-06-23T15:26:23","slug":"megafono-portatil-pocketvoice-blanco-biwond","status":"publish","type":"product","link":"https:\/\/server.idssoft.net\/idsdemo\/producto\/megafono-portatil-pocketvoice-blanco-biwond\/","title":{"rendered":"MEG\u00c1FONO PORT\u00c1TIL POCKETVOICE BLANCO BIWOND"},"content":{"rendered":"<p>El complemento perfecto para conferencias, reuniones o cualquier acto p\u00fablico donde necesites aumentar el volumen de tu voz.<\/p>\n<p>Destinado principalmente a eventos p\u00fablico, puede ser utilizado tambi\u00e9n como m\u00e9todo de radio o reproducci\u00f3n de m\u00fa<\/p>\n","protected":false},"excerpt":{"rendered":"<p>El complemento perfecto para conferencias, reuniones o cualquier acto p\u00fablico donde necesites aumentar el volumen de tu voz. Destinado principalmente a eventos p\u00fablico, puede ser utilizado tambi\u00e9n como m\u00e9todo de radio o reproducci\u00f3n de m\u00fa<\/p>\n","protected":false},"featured_media":15046,"comment_status":"open","ping_status":"closed","template":"","meta":[],"product_cat":[475],"product_tag":[],"class_list":["post-15048","product","type-product","status-publish","has-post-thumbnail","hentry","product_cat-microfonos","thunk-woo-product-list","opn-qv-enable","top-store-woo-hover-","top-store-single-product-tab-horizontal","top-store-shadow-","top-store-shadow-hover-"],"_links":{"self":[{"href":"https:\/\/server.idssoft.net\/idsdemo\/wp-json\/wp\/v2\/product\/15048","targetHints":{"allow":["GET"]}}],"collection":[{"href":"https:\/\/server.idssoft.net\/idsdemo\/wp-json\/wp\/v2\/product"}],"about":[{"href":"https:\/\/server.idssoft.net\/idsdemo\/wp-json\/wp\/v2\/types\/product"}],"replies":[{"embeddable":true,"href":"https:\/\/server.idssoft.net\/idsdemo\/wp-json\/wp\/v2\/comments?post=15048"}],"wp:featuredmedia":[{"embeddable":true,"href":"https:\/\/server.idssoft.net\/idsdemo\/wp-json\/wp\/v2\/media\/15046"}],"wp:attachment":[{"href":"https:\/\/server.idssoft.net\/idsdemo\/wp-json\/wp\/v2\/media?parent=15048"}],"wp:term":[{"taxonomy":"product_cat","embeddable":true,"href":"https:\/\/server.idssoft.net\/idsdemo\/wp-json\/wp\/v2\/product_cat?post=15048"},{"taxonomy":"product_tag","embeddable":true,"href":"https:\/\/server.idssoft.net\/idsdemo\/wp-json\/wp\/v2\/product_tag?post=15048"}],"curies":[{"name":"wp","href":"https:\/\/api.w.org\/{rel}","templated":true}]}}