{"id":15054,"date":"2021-06-23T15:26:33","date_gmt":"2021-06-23T15:26:33","guid":{"rendered":"https:\/\/server.idssoft.net\/idsdemo\/producto\/microfono-inalambrico-micone-biwond\/"},"modified":"2021-06-23T15:26:33","modified_gmt":"2021-06-23T15:26:33","slug":"microfono-inalambrico-micone-biwond","status":"publish","type":"product","link":"https:\/\/server.idssoft.net\/idsdemo\/producto\/microfono-inalambrico-micone-biwond\/","title":{"rendered":"MICROFONO INALAMBRICO MICONE BIWOND"},"content":{"rendered":"<p>Hazte ya con tu Micr\u00f3fono inal\u00e1mbrico Biwond MicOne, con\u00e9ctalo a tu altavoz favorito y disfruta de un excelente karaoke. Sin cables ni l\u00edmites, podr\u00e1s crear tu propia coreograf\u00eda de la forma m\u00e1s c\u00f3moda. Si\u00e9ntete como un artista en tu propia c<\/p>\n","protected":false},"excerpt":{"rendered":"<p>Hazte ya con tu Micr\u00f3fono inal\u00e1mbrico Biwond MicOne, con\u00e9ctalo a tu altavoz favorito y disfruta de un excelente karaoke. Sin cables ni l\u00edmites, podr\u00e1s crear tu propia coreograf\u00eda de la forma m\u00e1s c\u00f3moda. Si\u00e9ntete como un artista en tu propia c<\/p>\n","protected":false},"featured_media":15052,"comment_status":"open","ping_status":"closed","template":"","meta":[],"product_cat":[475],"product_tag":[],"class_list":["post-15054","product","type-product","status-publish","has-post-thumbnail","hentry","product_cat-microfonos","thunk-woo-product-list","opn-qv-enable","top-store-woo-hover-","top-store-single-product-tab-horizontal","top-store-shadow-","top-store-shadow-hover-"],"_links":{"self":[{"href":"https:\/\/server.idssoft.net\/idsdemo\/wp-json\/wp\/v2\/product\/15054","targetHints":{"allow":["GET"]}}],"collection":[{"href":"https:\/\/server.idssoft.net\/idsdemo\/wp-json\/wp\/v2\/product"}],"about":[{"href":"https:\/\/server.idssoft.net\/idsdemo\/wp-json\/wp\/v2\/types\/product"}],"replies":[{"embeddable":true,"href":"https:\/\/server.idssoft.net\/idsdemo\/wp-json\/wp\/v2\/comments?post=15054"}],"wp:featuredmedia":[{"embeddable":true,"href":"https:\/\/server.idssoft.net\/idsdemo\/wp-json\/wp\/v2\/media\/15052"}],"wp:attachment":[{"href":"https:\/\/server.idssoft.net\/idsdemo\/wp-json\/wp\/v2\/media?parent=15054"}],"wp:term":[{"taxonomy":"product_cat","embeddable":true,"href":"https:\/\/server.idssoft.net\/idsdemo\/wp-json\/wp\/v2\/product_cat?post=15054"},{"taxonomy":"product_tag","embeddable":true,"href":"https:\/\/server.idssoft.net\/idsdemo\/wp-json\/wp\/v2\/product_tag?post=15054"}],"curies":[{"name":"wp","href":"https:\/\/api.w.org\/{rel}","templated":true}]}}