{"id":15075,"date":"2021-06-23T15:27:08","date_gmt":"2021-06-23T15:27:08","guid":{"rendered":"https:\/\/server.idssoft.net\/idsdemo\/producto\/barra-de-sonido-10w-skinnybar-oro-biwond\/"},"modified":"2021-06-23T15:27:08","modified_gmt":"2021-06-23T15:27:08","slug":"barra-de-sonido-10w-skinnybar-oro-biwond","status":"publish","type":"product","link":"https:\/\/server.idssoft.net\/idsdemo\/producto\/barra-de-sonido-10w-skinnybar-oro-biwond\/","title":{"rendered":"BARRA DE SONIDO 10W SKINNYBAR ORO BIWOND"},"content":{"rendered":"<p>Disfruta del mejor sonido envolvente con la barra de sonido Biwond SkinnyBar. \u00a1Con sus 10W tendr\u00e1s el volumen que deseas para escuchar tu m\u00fasica favorita!<\/p>\n<p>La barra de sonido Biwond SkinnyBar integra la tecnolog\u00eda Bluetooth para que pueda co<\/p>\n","protected":false},"excerpt":{"rendered":"<p>Disfruta del mejor sonido envolvente con la barra de sonido Biwond SkinnyBar. \u00a1Con sus 10W tendr\u00e1s el volumen que deseas para escuchar tu m\u00fasica favorita! La barra de sonido Biwond SkinnyBar integra la tecnolog\u00eda Bluetooth para que pueda co<\/p>\n","protected":false},"featured_media":15073,"comment_status":"open","ping_status":"closed","template":"","meta":[],"product_cat":[472],"product_tag":[],"class_list":["post-15075","product","type-product","status-publish","has-post-thumbnail","hentry","product_cat-altavoces-bluetooth","thunk-woo-product-list","opn-qv-enable","top-store-woo-hover-","top-store-single-product-tab-horizontal","top-store-shadow-","top-store-shadow-hover-"],"_links":{"self":[{"href":"https:\/\/server.idssoft.net\/idsdemo\/wp-json\/wp\/v2\/product\/15075","targetHints":{"allow":["GET"]}}],"collection":[{"href":"https:\/\/server.idssoft.net\/idsdemo\/wp-json\/wp\/v2\/product"}],"about":[{"href":"https:\/\/server.idssoft.net\/idsdemo\/wp-json\/wp\/v2\/types\/product"}],"replies":[{"embeddable":true,"href":"https:\/\/server.idssoft.net\/idsdemo\/wp-json\/wp\/v2\/comments?post=15075"}],"wp:featuredmedia":[{"embeddable":true,"href":"https:\/\/server.idssoft.net\/idsdemo\/wp-json\/wp\/v2\/media\/15073"}],"wp:attachment":[{"href":"https:\/\/server.idssoft.net\/idsdemo\/wp-json\/wp\/v2\/media?parent=15075"}],"wp:term":[{"taxonomy":"product_cat","embeddable":true,"href":"https:\/\/server.idssoft.net\/idsdemo\/wp-json\/wp\/v2\/product_cat?post=15075"},{"taxonomy":"product_tag","embeddable":true,"href":"https:\/\/server.idssoft.net\/idsdemo\/wp-json\/wp\/v2\/product_tag?post=15075"}],"curies":[{"name":"wp","href":"https:\/\/api.w.org\/{rel}","templated":true}]}}