{"id":15084,"date":"2021-06-23T15:27:23","date_gmt":"2021-06-23T15:27:23","guid":{"rendered":"https:\/\/server.idssoft.net\/idsdemo\/producto\/mini-tripode-flexible-smartphone-azul\/"},"modified":"2021-06-23T15:27:23","modified_gmt":"2021-06-23T15:27:23","slug":"mini-tripode-flexible-smartphone-azul","status":"publish","type":"product","link":"https:\/\/server.idssoft.net\/idsdemo\/producto\/mini-tripode-flexible-smartphone-azul\/","title":{"rendered":"MINI TR\u00cdPODE FLEXIBLE SMARTPHONE AZUL"},"content":{"rendered":"<p>Hazte ya con el accesorio perfecto para tu smartphone el Mini Tr\u00edpode Flexible Smartphone Azul. Dise\u00f1ado para ser flexible el mini tr\u00edpode se puede rotar hasta 360\u00ba gracias a sus cabezales de bola para hacer fotos y v\u00eddeos desde el \u00e1ngulo que de<\/p>\n","protected":false},"excerpt":{"rendered":"<p>Hazte ya con el accesorio perfecto para tu smartphone el Mini Tr\u00edpode Flexible Smartphone Azul. Dise\u00f1ado para ser flexible el mini tr\u00edpode se puede rotar hasta 360\u00ba gracias a sus cabezales de bola para hacer fotos y v\u00eddeos desde el \u00e1ngulo que de<\/p>\n","protected":false},"featured_media":15082,"comment_status":"open","ping_status":"closed","template":"","meta":[],"product_cat":[641],"product_tag":[],"class_list":["post-15084","product","type-product","status-publish","has-post-thumbnail","hentry","product_cat-accesorios-smartphones","thunk-woo-product-list","opn-qv-enable","top-store-woo-hover-","top-store-single-product-tab-horizontal","top-store-shadow-","top-store-shadow-hover-"],"_links":{"self":[{"href":"https:\/\/server.idssoft.net\/idsdemo\/wp-json\/wp\/v2\/product\/15084","targetHints":{"allow":["GET"]}}],"collection":[{"href":"https:\/\/server.idssoft.net\/idsdemo\/wp-json\/wp\/v2\/product"}],"about":[{"href":"https:\/\/server.idssoft.net\/idsdemo\/wp-json\/wp\/v2\/types\/product"}],"replies":[{"embeddable":true,"href":"https:\/\/server.idssoft.net\/idsdemo\/wp-json\/wp\/v2\/comments?post=15084"}],"wp:featuredmedia":[{"embeddable":true,"href":"https:\/\/server.idssoft.net\/idsdemo\/wp-json\/wp\/v2\/media\/15082"}],"wp:attachment":[{"href":"https:\/\/server.idssoft.net\/idsdemo\/wp-json\/wp\/v2\/media?parent=15084"}],"wp:term":[{"taxonomy":"product_cat","embeddable":true,"href":"https:\/\/server.idssoft.net\/idsdemo\/wp-json\/wp\/v2\/product_cat?post=15084"},{"taxonomy":"product_tag","embeddable":true,"href":"https:\/\/server.idssoft.net\/idsdemo\/wp-json\/wp\/v2\/product_tag?post=15084"}],"curies":[{"name":"wp","href":"https:\/\/api.w.org\/{rel}","templated":true}]}}