{"id":15096,"date":"2021-06-23T15:27:43","date_gmt":"2021-06-23T15:27:43","guid":{"rendered":"https:\/\/server.idssoft.net\/idsdemo\/producto\/telefono-movil-nokia-110-negro\/"},"modified":"2021-06-23T15:27:43","modified_gmt":"2021-06-23T15:27:43","slug":"telefono-movil-nokia-110-negro","status":"publish","type":"product","link":"https:\/\/server.idssoft.net\/idsdemo\/producto\/telefono-movil-nokia-110-negro\/","title":{"rendered":"TELEFONO MOVIL NOKIA 110 NEGRO"},"content":{"rendered":"<p>Dise\u00f1o<br \/>Color negro<br \/>Tama\u00f1o 115,15 x 49,85 x 14,3 mm<br \/>Rendimiento<br \/>Plataforma de software Nokia Series 30+<br \/>RAM 4 MB<br \/>CPU SPRD 6531E<br \/>Pantalla<br \/>Tama\u00f1o 1,77 pulgadas<br \/>Tipo QQVGA<br \/>Conectividad<br \/>Micro-USB (U<\/p>\n","protected":false},"excerpt":{"rendered":"<p>Dise\u00f1oColor negroTama\u00f1o 115,15 x 49,85 x 14,3 mmRendimientoPlataforma de software Nokia Series 30+RAM 4 MBCPU SPRD 6531EPantallaTama\u00f1o 1,77 pulgadasTipo QQVGAConectividadMicro-USB (U<\/p>\n","protected":false},"featured_media":15094,"comment_status":"open","ping_status":"closed","template":"","meta":[],"product_cat":[489],"product_tag":[],"class_list":["post-15096","product","type-product","status-publish","has-post-thumbnail","hentry","product_cat-telefonia-movil-gama-baja","thunk-woo-product-list","opn-qv-enable","top-store-woo-hover-","top-store-single-product-tab-horizontal","top-store-shadow-","top-store-shadow-hover-"],"_links":{"self":[{"href":"https:\/\/server.idssoft.net\/idsdemo\/wp-json\/wp\/v2\/product\/15096","targetHints":{"allow":["GET"]}}],"collection":[{"href":"https:\/\/server.idssoft.net\/idsdemo\/wp-json\/wp\/v2\/product"}],"about":[{"href":"https:\/\/server.idssoft.net\/idsdemo\/wp-json\/wp\/v2\/types\/product"}],"replies":[{"embeddable":true,"href":"https:\/\/server.idssoft.net\/idsdemo\/wp-json\/wp\/v2\/comments?post=15096"}],"wp:featuredmedia":[{"embeddable":true,"href":"https:\/\/server.idssoft.net\/idsdemo\/wp-json\/wp\/v2\/media\/15094"}],"wp:attachment":[{"href":"https:\/\/server.idssoft.net\/idsdemo\/wp-json\/wp\/v2\/media?parent=15096"}],"wp:term":[{"taxonomy":"product_cat","embeddable":true,"href":"https:\/\/server.idssoft.net\/idsdemo\/wp-json\/wp\/v2\/product_cat?post=15096"},{"taxonomy":"product_tag","embeddable":true,"href":"https:\/\/server.idssoft.net\/idsdemo\/wp-json\/wp\/v2\/product_tag?post=15096"}],"curies":[{"name":"wp","href":"https:\/\/api.w.org\/{rel}","templated":true}]}}