{"id":15100,"date":"2021-06-23T15:27:52","date_gmt":"2021-06-23T15:27:52","guid":{"rendered":"https:\/\/server.idssoft.net\/idsdemo\/producto\/telefono-movil-nokia-210-negro\/"},"modified":"2021-06-23T15:27:52","modified_gmt":"2021-06-23T15:27:52","slug":"telefono-movil-nokia-210-negro","status":"publish","type":"product","link":"https:\/\/server.idssoft.net\/idsdemo\/producto\/telefono-movil-nokia-210-negro\/","title":{"rendered":"TELEFONO MOVIL NOKIA 210 NEGRO"},"content":{"rendered":"<p>CONECTIVIDAD<br \/>Est\u00e1s a un toque de distancia de una vida m\u00e1s f\u00e1cil<br \/>Nokia 210 ofrece la forma m\u00e1s f\u00e1cil de conectarte a Internet con el navegador Opera Mini. Es r\u00e1pido, ligero y usa pocos datos&#8230; que puedes utilizar para compartir tus mo<\/p>\n","protected":false},"excerpt":{"rendered":"<p>CONECTIVIDADEst\u00e1s a un toque de distancia de una vida m\u00e1s f\u00e1cilNokia 210 ofrece la forma m\u00e1s f\u00e1cil de conectarte a Internet con el navegador Opera Mini. Es r\u00e1pido, ligero y usa pocos datos&#8230; que puedes utilizar para compartir tus mo<\/p>\n","protected":false},"featured_media":15099,"comment_status":"open","ping_status":"closed","template":"","meta":[],"product_cat":[489],"product_tag":[],"class_list":["post-15100","product","type-product","status-publish","has-post-thumbnail","hentry","product_cat-telefonia-movil-gama-baja","thunk-woo-product-list","opn-qv-enable","top-store-woo-hover-","top-store-single-product-tab-horizontal","top-store-shadow-","top-store-shadow-hover-"],"_links":{"self":[{"href":"https:\/\/server.idssoft.net\/idsdemo\/wp-json\/wp\/v2\/product\/15100","targetHints":{"allow":["GET"]}}],"collection":[{"href":"https:\/\/server.idssoft.net\/idsdemo\/wp-json\/wp\/v2\/product"}],"about":[{"href":"https:\/\/server.idssoft.net\/idsdemo\/wp-json\/wp\/v2\/types\/product"}],"replies":[{"embeddable":true,"href":"https:\/\/server.idssoft.net\/idsdemo\/wp-json\/wp\/v2\/comments?post=15100"}],"wp:featuredmedia":[{"embeddable":true,"href":"https:\/\/server.idssoft.net\/idsdemo\/wp-json\/wp\/v2\/media\/15099"}],"wp:attachment":[{"href":"https:\/\/server.idssoft.net\/idsdemo\/wp-json\/wp\/v2\/media?parent=15100"}],"wp:term":[{"taxonomy":"product_cat","embeddable":true,"href":"https:\/\/server.idssoft.net\/idsdemo\/wp-json\/wp\/v2\/product_cat?post=15100"},{"taxonomy":"product_tag","embeddable":true,"href":"https:\/\/server.idssoft.net\/idsdemo\/wp-json\/wp\/v2\/product_tag?post=15100"}],"curies":[{"name":"wp","href":"https:\/\/api.w.org\/{rel}","templated":true}]}}