{"id":15104,"date":"2021-06-23T15:28:01","date_gmt":"2021-06-23T15:28:01","guid":{"rendered":"https:\/\/server.idssoft.net\/idsdemo\/producto\/telefono-movil-nokia-216-negro\/"},"modified":"2021-06-23T15:28:01","modified_gmt":"2021-06-23T15:28:01","slug":"telefono-movil-nokia-216-negro","status":"publish","type":"product","link":"https:\/\/server.idssoft.net\/idsdemo\/producto\/telefono-movil-nokia-216-negro\/","title":{"rendered":"TELEFONO MOVIL NOKIA 216 NEGRO"},"content":{"rendered":"<p>specificaciones T\u00e9cnicas<br \/>Dise\u00f1o<br \/>Alto 50.2 mm<br \/>Ancho 118 mm<br \/>Grosor 13.5 mm<br \/>Peso 83 g<br \/>Pantalla<br \/>Tama\u00f1o 2.4 pulgadas<br \/>Tipo TFT<br \/>Resoluci\u00f3n 320&#215;240<br \/>Densidad de p\u00edxeles 167 ppp<br \/>Hardware y rendimiento&lt;<\/p>\n","protected":false},"excerpt":{"rendered":"<p>specificaciones T\u00e9cnicasDise\u00f1oAlto 50.2 mmAncho 118 mmGrosor 13.5 mmPeso 83 gPantallaTama\u00f1o 2.4 pulgadasTipo TFTResoluci\u00f3n 320&#215;240Densidad de p\u00edxeles 167 pppHardware y rendimiento&lt;<\/p>\n","protected":false},"featured_media":15103,"comment_status":"open","ping_status":"closed","template":"","meta":[],"product_cat":[489],"product_tag":[],"class_list":["post-15104","product","type-product","status-publish","has-post-thumbnail","hentry","product_cat-telefonia-movil-gama-baja","thunk-woo-product-list","opn-qv-enable","top-store-woo-hover-","top-store-single-product-tab-horizontal","top-store-shadow-","top-store-shadow-hover-"],"_links":{"self":[{"href":"https:\/\/server.idssoft.net\/idsdemo\/wp-json\/wp\/v2\/product\/15104","targetHints":{"allow":["GET"]}}],"collection":[{"href":"https:\/\/server.idssoft.net\/idsdemo\/wp-json\/wp\/v2\/product"}],"about":[{"href":"https:\/\/server.idssoft.net\/idsdemo\/wp-json\/wp\/v2\/types\/product"}],"replies":[{"embeddable":true,"href":"https:\/\/server.idssoft.net\/idsdemo\/wp-json\/wp\/v2\/comments?post=15104"}],"wp:featuredmedia":[{"embeddable":true,"href":"https:\/\/server.idssoft.net\/idsdemo\/wp-json\/wp\/v2\/media\/15103"}],"wp:attachment":[{"href":"https:\/\/server.idssoft.net\/idsdemo\/wp-json\/wp\/v2\/media?parent=15104"}],"wp:term":[{"taxonomy":"product_cat","embeddable":true,"href":"https:\/\/server.idssoft.net\/idsdemo\/wp-json\/wp\/v2\/product_cat?post=15104"},{"taxonomy":"product_tag","embeddable":true,"href":"https:\/\/server.idssoft.net\/idsdemo\/wp-json\/wp\/v2\/product_tag?post=15104"}],"curies":[{"name":"wp","href":"https:\/\/api.w.org\/{rel}","templated":true}]}}