{"id":15110,"date":"2021-06-23T15:28:11","date_gmt":"2021-06-23T15:28:11","guid":{"rendered":"https:\/\/server.idssoft.net\/idsdemo\/producto\/cinta-de-correr-plegable-xiaomi-kingsmith-walkingpad-r1-91\/"},"modified":"2021-06-23T15:28:11","modified_gmt":"2021-06-23T15:28:11","slug":"cinta-de-correr-plegable-xiaomi-kingsmith-walkingpad-r1-91","status":"publish","type":"product","link":"https:\/\/server.idssoft.net\/idsdemo\/producto\/cinta-de-correr-plegable-xiaomi-kingsmith-walkingpad-r1-91\/","title":{"rendered":"CINTA DE CORRER PLEGABLE XIAOMI KINGSMITH WALKINGPAD R1 \/ 91"},"content":{"rendered":"<p>Descripci\u00f3n<br \/>Cinta de correr Xiaomi Kingsmith WalkingPad R1 Pro, con dise\u00f1o plegable y f\u00e1cil de transportar<br \/>Dise\u00f1o plegable &#8211; Apta para correr y caminar &#8211; De 0.5 a 10 km\/h &#8211; Con asa y ruedines para transportar &#8211; Control remoto &#8211; Modo auto<\/p>\n","protected":false},"excerpt":{"rendered":"<p>Descripci\u00f3nCinta de correr Xiaomi Kingsmith WalkingPad R1 Pro, con dise\u00f1o plegable y f\u00e1cil de transportarDise\u00f1o plegable &#8211; Apta para correr y caminar &#8211; De 0.5 a 10 km\/h &#8211; Con asa y ruedines para transportar &#8211; Control remoto &#8211; Modo auto<\/p>\n","protected":false},"featured_media":15108,"comment_status":"open","ping_status":"closed","template":"","meta":[],"product_cat":[583],"product_tag":[],"class_list":["post-15110","product","type-product","status-publish","has-post-thumbnail","hentry","product_cat-ejercicio-muscular","thunk-woo-product-list","opn-qv-enable","top-store-woo-hover-","top-store-single-product-tab-horizontal","top-store-shadow-","top-store-shadow-hover-"],"_links":{"self":[{"href":"https:\/\/server.idssoft.net\/idsdemo\/wp-json\/wp\/v2\/product\/15110","targetHints":{"allow":["GET"]}}],"collection":[{"href":"https:\/\/server.idssoft.net\/idsdemo\/wp-json\/wp\/v2\/product"}],"about":[{"href":"https:\/\/server.idssoft.net\/idsdemo\/wp-json\/wp\/v2\/types\/product"}],"replies":[{"embeddable":true,"href":"https:\/\/server.idssoft.net\/idsdemo\/wp-json\/wp\/v2\/comments?post=15110"}],"wp:featuredmedia":[{"embeddable":true,"href":"https:\/\/server.idssoft.net\/idsdemo\/wp-json\/wp\/v2\/media\/15108"}],"wp:attachment":[{"href":"https:\/\/server.idssoft.net\/idsdemo\/wp-json\/wp\/v2\/media?parent=15110"}],"wp:term":[{"taxonomy":"product_cat","embeddable":true,"href":"https:\/\/server.idssoft.net\/idsdemo\/wp-json\/wp\/v2\/product_cat?post=15110"},{"taxonomy":"product_tag","embeddable":true,"href":"https:\/\/server.idssoft.net\/idsdemo\/wp-json\/wp\/v2\/product_tag?post=15110"}],"curies":[{"name":"wp","href":"https:\/\/api.w.org\/{rel}","templated":true}]}}