{"id":15112,"date":"2021-06-23T15:28:17","date_gmt":"2021-06-23T15:28:17","guid":{"rendered":"https:\/\/server.idssoft.net\/idsdemo\/producto\/despertador-frodi-radio-fm-spc\/"},"modified":"2021-06-23T15:28:17","modified_gmt":"2021-06-23T15:28:17","slug":"despertador-frodi-radio-fm-spc","status":"publish","type":"product","link":"https:\/\/server.idssoft.net\/idsdemo\/producto\/despertador-frodi-radio-fm-spc\/","title":{"rendered":"DESPERTADOR FRODI RADIO FM SPC"},"content":{"rendered":"<p>\u00a1BUENOS BUENOS D\u00cdAS!<br \/>FRODI no es solo una gran radio, tambi\u00e9n es un fant\u00e1stico despertador con 2 alarmas distintas configurables: cada uno amanecer\u00e1 a su hora.<br \/>POSPONER, POSPONER\u2026 LA ALARMA<br \/>Si para ti uno de los grandes placeres<\/p>\n","protected":false},"excerpt":{"rendered":"<p>\u00a1BUENOS BUENOS D\u00cdAS!FRODI no es solo una gran radio, tambi\u00e9n es un fant\u00e1stico despertador con 2 alarmas distintas configurables: cada uno amanecer\u00e1 a su hora.POSPONER, POSPONER\u2026 LA ALARMASi para ti uno de los grandes placeres<\/p>\n","protected":false},"featured_media":15111,"comment_status":"open","ping_status":"closed","template":"","meta":[],"product_cat":[478],"product_tag":[],"class_list":["post-15112","product","type-product","status-publish","has-post-thumbnail","hentry","product_cat-radios","thunk-woo-product-list","opn-qv-enable","top-store-woo-hover-","top-store-single-product-tab-horizontal","top-store-shadow-","top-store-shadow-hover-"],"_links":{"self":[{"href":"https:\/\/server.idssoft.net\/idsdemo\/wp-json\/wp\/v2\/product\/15112","targetHints":{"allow":["GET"]}}],"collection":[{"href":"https:\/\/server.idssoft.net\/idsdemo\/wp-json\/wp\/v2\/product"}],"about":[{"href":"https:\/\/server.idssoft.net\/idsdemo\/wp-json\/wp\/v2\/types\/product"}],"replies":[{"embeddable":true,"href":"https:\/\/server.idssoft.net\/idsdemo\/wp-json\/wp\/v2\/comments?post=15112"}],"wp:featuredmedia":[{"embeddable":true,"href":"https:\/\/server.idssoft.net\/idsdemo\/wp-json\/wp\/v2\/media\/15111"}],"wp:attachment":[{"href":"https:\/\/server.idssoft.net\/idsdemo\/wp-json\/wp\/v2\/media?parent=15112"}],"wp:term":[{"taxonomy":"product_cat","embeddable":true,"href":"https:\/\/server.idssoft.net\/idsdemo\/wp-json\/wp\/v2\/product_cat?post=15112"},{"taxonomy":"product_tag","embeddable":true,"href":"https:\/\/server.idssoft.net\/idsdemo\/wp-json\/wp\/v2\/product_tag?post=15112"}],"curies":[{"name":"wp","href":"https:\/\/api.w.org\/{rel}","templated":true}]}}