{"id":15121,"date":"2021-06-23T15:28:36","date_gmt":"2021-06-23T15:28:36","guid":{"rendered":"https:\/\/server.idssoft.net\/idsdemo\/producto\/patinete-infantil-acrobatico-speed-lion-rosa\/"},"modified":"2021-06-23T15:28:36","modified_gmt":"2021-06-23T15:28:36","slug":"patinete-infantil-acrobatico-speed-lion-rosa","status":"publish","type":"product","link":"https:\/\/server.idssoft.net\/idsdemo\/producto\/patinete-infantil-acrobatico-speed-lion-rosa\/","title":{"rendered":"PATINETE INFANTIL ACROB\u00c1TICO SPEED LION ROSA"},"content":{"rendered":"<p>Patinete Acrob\u00e1tico Infantil de Speed Lion, el regalo perfecto para aquellos ni\u00f1os amantes de las dos ruedas. Podr\u00e1 utilizarlo de camino al cole, de paseo, para jugar con sus amigos en un skatepark o incluso cuando os vay\u00e1is de vacaciones, \u00a1ll\u00e9v<\/p>\n","protected":false},"excerpt":{"rendered":"<p>Patinete Acrob\u00e1tico Infantil de Speed Lion, el regalo perfecto para aquellos ni\u00f1os amantes de las dos ruedas. Podr\u00e1 utilizarlo de camino al cole, de paseo, para jugar con sus amigos en un skatepark o incluso cuando os vay\u00e1is de vacaciones, \u00a1ll\u00e9v<\/p>\n","protected":false},"featured_media":15120,"comment_status":"open","ping_status":"closed","template":"","meta":[],"product_cat":[462],"product_tag":[],"class_list":["post-15121","product","type-product","status-publish","has-post-thumbnail","hentry","product_cat-patinetes-y-accesorios","thunk-woo-product-list","opn-qv-enable","top-store-woo-hover-","top-store-single-product-tab-horizontal","top-store-shadow-","top-store-shadow-hover-"],"_links":{"self":[{"href":"https:\/\/server.idssoft.net\/idsdemo\/wp-json\/wp\/v2\/product\/15121","targetHints":{"allow":["GET"]}}],"collection":[{"href":"https:\/\/server.idssoft.net\/idsdemo\/wp-json\/wp\/v2\/product"}],"about":[{"href":"https:\/\/server.idssoft.net\/idsdemo\/wp-json\/wp\/v2\/types\/product"}],"replies":[{"embeddable":true,"href":"https:\/\/server.idssoft.net\/idsdemo\/wp-json\/wp\/v2\/comments?post=15121"}],"wp:featuredmedia":[{"embeddable":true,"href":"https:\/\/server.idssoft.net\/idsdemo\/wp-json\/wp\/v2\/media\/15120"}],"wp:attachment":[{"href":"https:\/\/server.idssoft.net\/idsdemo\/wp-json\/wp\/v2\/media?parent=15121"}],"wp:term":[{"taxonomy":"product_cat","embeddable":true,"href":"https:\/\/server.idssoft.net\/idsdemo\/wp-json\/wp\/v2\/product_cat?post=15121"},{"taxonomy":"product_tag","embeddable":true,"href":"https:\/\/server.idssoft.net\/idsdemo\/wp-json\/wp\/v2\/product_tag?post=15121"}],"curies":[{"name":"wp","href":"https:\/\/api.w.org\/{rel}","templated":true}]}}