{"id":15125,"date":"2021-06-23T15:28:44","date_gmt":"2021-06-23T15:28:44","guid":{"rendered":"https:\/\/server.idssoft.net\/idsdemo\/producto\/patinete-infantil-luces-speed-lion-azul\/"},"modified":"2021-06-23T15:28:44","modified_gmt":"2021-06-23T15:28:44","slug":"patinete-infantil-luces-speed-lion-azul","status":"publish","type":"product","link":"https:\/\/server.idssoft.net\/idsdemo\/producto\/patinete-infantil-luces-speed-lion-azul\/","title":{"rendered":"PATINETE INFANTIL LUCES SPEED LION AZUL"},"content":{"rendered":"<p>Patinete Infantil con Luces de Speed Lion, el regalo perfecto para tu peque. Podr\u00e1 utilizarlo de camino al cole, de paseo o incluso cuando os vay\u00e1is de vacaciones. Gracias a su iluminaci\u00f3n en las ruedas delanteras ser\u00e1 m\u00e1s visible en ambientes os<\/p>\n","protected":false},"excerpt":{"rendered":"<p>Patinete Infantil con Luces de Speed Lion, el regalo perfecto para tu peque. Podr\u00e1 utilizarlo de camino al cole, de paseo o incluso cuando os vay\u00e1is de vacaciones. Gracias a su iluminaci\u00f3n en las ruedas delanteras ser\u00e1 m\u00e1s visible en ambientes os<\/p>\n","protected":false},"featured_media":15124,"comment_status":"open","ping_status":"closed","template":"","meta":[],"product_cat":[462],"product_tag":[],"class_list":["post-15125","product","type-product","status-publish","has-post-thumbnail","hentry","product_cat-patinetes-y-accesorios","thunk-woo-product-list","opn-qv-enable","top-store-woo-hover-","top-store-single-product-tab-horizontal","top-store-shadow-","top-store-shadow-hover-"],"_links":{"self":[{"href":"https:\/\/server.idssoft.net\/idsdemo\/wp-json\/wp\/v2\/product\/15125","targetHints":{"allow":["GET"]}}],"collection":[{"href":"https:\/\/server.idssoft.net\/idsdemo\/wp-json\/wp\/v2\/product"}],"about":[{"href":"https:\/\/server.idssoft.net\/idsdemo\/wp-json\/wp\/v2\/types\/product"}],"replies":[{"embeddable":true,"href":"https:\/\/server.idssoft.net\/idsdemo\/wp-json\/wp\/v2\/comments?post=15125"}],"wp:featuredmedia":[{"embeddable":true,"href":"https:\/\/server.idssoft.net\/idsdemo\/wp-json\/wp\/v2\/media\/15124"}],"wp:attachment":[{"href":"https:\/\/server.idssoft.net\/idsdemo\/wp-json\/wp\/v2\/media?parent=15125"}],"wp:term":[{"taxonomy":"product_cat","embeddable":true,"href":"https:\/\/server.idssoft.net\/idsdemo\/wp-json\/wp\/v2\/product_cat?post=15125"},{"taxonomy":"product_tag","embeddable":true,"href":"https:\/\/server.idssoft.net\/idsdemo\/wp-json\/wp\/v2\/product_tag?post=15125"}],"curies":[{"name":"wp","href":"https:\/\/api.w.org\/{rel}","templated":true}]}}