{"id":15131,"date":"2021-06-23T15:28:59","date_gmt":"2021-06-23T15:28:59","guid":{"rendered":"https:\/\/server.idssoft.net\/idsdemo\/producto\/escalera-metalica-3-peldanos-gris-130x42x56cm\/"},"modified":"2021-06-23T15:28:59","modified_gmt":"2021-06-23T15:28:59","slug":"escalera-metalica-3-peldanos-gris-130x42x56cm","status":"publish","type":"product","link":"https:\/\/server.idssoft.net\/idsdemo\/producto\/escalera-metalica-3-peldanos-gris-130x42x56cm\/","title":{"rendered":"ESCALERA MET\u00c1LICA 3 PELDA\u00d1OS GRIS 130X42X56CM"},"content":{"rendered":"<p>Escalera multiusos met\u00e1lica plegable con 3 pelda\u00f1os, fabricado en aluminio de alta resistencia de color gris, haciendo de esta una escalera totalmente resistente y estable. Pelda\u00f1os y tacos recubiertos de silicona totalmente antideslizante.<\/p>\n<p>\n","protected":false},"excerpt":{"rendered":"<p>Escalera multiusos met\u00e1lica plegable con 3 pelda\u00f1os, fabricado en aluminio de alta resistencia de color gris, haciendo de esta una escalera totalmente resistente y estable. Pelda\u00f1os y tacos recubiertos de silicona totalmente antideslizante.<\/p>\n","protected":false},"featured_media":15130,"comment_status":"open","ping_status":"closed","template":"","meta":[],"product_cat":[543],"product_tag":[],"class_list":["post-15131","product","type-product","status-publish","has-post-thumbnail","hentry","product_cat-taburetes-escaleras","thunk-woo-product-list","opn-qv-enable","top-store-woo-hover-","top-store-single-product-tab-horizontal","top-store-shadow-","top-store-shadow-hover-"],"_links":{"self":[{"href":"https:\/\/server.idssoft.net\/idsdemo\/wp-json\/wp\/v2\/product\/15131","targetHints":{"allow":["GET"]}}],"collection":[{"href":"https:\/\/server.idssoft.net\/idsdemo\/wp-json\/wp\/v2\/product"}],"about":[{"href":"https:\/\/server.idssoft.net\/idsdemo\/wp-json\/wp\/v2\/types\/product"}],"replies":[{"embeddable":true,"href":"https:\/\/server.idssoft.net\/idsdemo\/wp-json\/wp\/v2\/comments?post=15131"}],"wp:featuredmedia":[{"embeddable":true,"href":"https:\/\/server.idssoft.net\/idsdemo\/wp-json\/wp\/v2\/media\/15130"}],"wp:attachment":[{"href":"https:\/\/server.idssoft.net\/idsdemo\/wp-json\/wp\/v2\/media?parent=15131"}],"wp:term":[{"taxonomy":"product_cat","embeddable":true,"href":"https:\/\/server.idssoft.net\/idsdemo\/wp-json\/wp\/v2\/product_cat?post=15131"},{"taxonomy":"product_tag","embeddable":true,"href":"https:\/\/server.idssoft.net\/idsdemo\/wp-json\/wp\/v2\/product_tag?post=15131"}],"curies":[{"name":"wp","href":"https:\/\/api.w.org\/{rel}","templated":true}]}}