{"id":15136,"date":"2021-06-23T15:29:09","date_gmt":"2021-06-23T15:29:09","guid":{"rendered":"https:\/\/server.idssoft.net\/idsdemo\/producto\/tablet-alcatel-1t-8092-10-32gb-2gb-2mpx-wifi-neg\/"},"modified":"2021-06-23T15:29:09","modified_gmt":"2021-06-23T15:29:09","slug":"tablet-alcatel-1t-8092-10-32gb-2gb-2mpx-wifi-neg","status":"publish","type":"product","link":"https:\/\/server.idssoft.net\/idsdemo\/producto\/tablet-alcatel-1t-8092-10-32gb-2gb-2mpx-wifi-neg\/","title":{"rendered":"TABLET ALCATEL 1T 8092 | 10 | 32GB | 2GB | 2MPX | WIFI | NEG"},"content":{"rendered":"<p>La tableta Alcatel 1T 10 es una de las tabletas de 10? m\u00e1s ligeras del mercado con solo 415 gramos. Disfruta de im\u00e1genes n\u00edtidas y de alta calidad en HD durante horas en una pantalla de 10? donde podr\u00e1s visualizar y reproducir contenido, adem\u00e1s d<\/p>\n","protected":false},"excerpt":{"rendered":"<p>La tableta Alcatel 1T 10 es una de las tabletas de 10? m\u00e1s ligeras del mercado con solo 415 gramos. Disfruta de im\u00e1genes n\u00edtidas y de alta calidad en HD durante horas en una pantalla de 10? donde podr\u00e1s visualizar y reproducir contenido, adem\u00e1s d<\/p>\n","protected":false},"featured_media":15135,"comment_status":"open","ping_status":"closed","template":"","meta":[],"product_cat":[490],"product_tag":[],"class_list":["post-15136","product","type-product","status-publish","has-post-thumbnail","hentry","product_cat-smartphones","thunk-woo-product-list","opn-qv-enable","top-store-woo-hover-","top-store-single-product-tab-horizontal","top-store-shadow-","top-store-shadow-hover-"],"_links":{"self":[{"href":"https:\/\/server.idssoft.net\/idsdemo\/wp-json\/wp\/v2\/product\/15136","targetHints":{"allow":["GET"]}}],"collection":[{"href":"https:\/\/server.idssoft.net\/idsdemo\/wp-json\/wp\/v2\/product"}],"about":[{"href":"https:\/\/server.idssoft.net\/idsdemo\/wp-json\/wp\/v2\/types\/product"}],"replies":[{"embeddable":true,"href":"https:\/\/server.idssoft.net\/idsdemo\/wp-json\/wp\/v2\/comments?post=15136"}],"wp:featuredmedia":[{"embeddable":true,"href":"https:\/\/server.idssoft.net\/idsdemo\/wp-json\/wp\/v2\/media\/15135"}],"wp:attachment":[{"href":"https:\/\/server.idssoft.net\/idsdemo\/wp-json\/wp\/v2\/media?parent=15136"}],"wp:term":[{"taxonomy":"product_cat","embeddable":true,"href":"https:\/\/server.idssoft.net\/idsdemo\/wp-json\/wp\/v2\/product_cat?post=15136"},{"taxonomy":"product_tag","embeddable":true,"href":"https:\/\/server.idssoft.net\/idsdemo\/wp-json\/wp\/v2\/product_tag?post=15136"}],"curies":[{"name":"wp","href":"https:\/\/api.w.org\/{rel}","templated":true}]}}