{"id":15139,"date":"2021-06-23T15:29:14","date_gmt":"2021-06-23T15:29:14","guid":{"rendered":"https:\/\/server.idssoft.net\/idsdemo\/producto\/patinete-3-en-1-triscooter-azul-biwond\/"},"modified":"2021-06-23T15:29:14","modified_gmt":"2021-06-23T15:29:14","slug":"patinete-3-en-1-triscooter-azul-biwond","status":"publish","type":"product","link":"https:\/\/server.idssoft.net\/idsdemo\/producto\/patinete-3-en-1-triscooter-azul-biwond\/","title":{"rendered":"PATINETE 3 EN 1 TRISCOOTER AZUL BIWOND"},"content":{"rendered":"<p>\u00bfBuscas el patinete ideal para tu peque\u00f1o? \u00a1No busques m\u00e1s, lo has encontrado! disfruta del Patinete 3 en 1 TriScooter Azul Biwond perfecto para ni\u00f1os de 3 a 10 a\u00f1os. Vers\u00e1til y seguro, puedes transformar este triciclo en bicicleta seg\u00fan tu pe<\/p>\n","protected":false},"excerpt":{"rendered":"<p>\u00bfBuscas el patinete ideal para tu peque\u00f1o? \u00a1No busques m\u00e1s, lo has encontrado! disfruta del Patinete 3 en 1 TriScooter Azul Biwond perfecto para ni\u00f1os de 3 a 10 a\u00f1os. Vers\u00e1til y seguro, puedes transformar este triciclo en bicicleta seg\u00fan tu pe<\/p>\n","protected":false},"featured_media":15137,"comment_status":"open","ping_status":"closed","template":"","meta":[],"product_cat":[462],"product_tag":[],"class_list":["post-15139","product","type-product","status-publish","has-post-thumbnail","hentry","product_cat-patinetes-y-accesorios","thunk-woo-product-list","opn-qv-enable","top-store-woo-hover-","top-store-single-product-tab-horizontal","top-store-shadow-","top-store-shadow-hover-"],"_links":{"self":[{"href":"https:\/\/server.idssoft.net\/idsdemo\/wp-json\/wp\/v2\/product\/15139","targetHints":{"allow":["GET"]}}],"collection":[{"href":"https:\/\/server.idssoft.net\/idsdemo\/wp-json\/wp\/v2\/product"}],"about":[{"href":"https:\/\/server.idssoft.net\/idsdemo\/wp-json\/wp\/v2\/types\/product"}],"replies":[{"embeddable":true,"href":"https:\/\/server.idssoft.net\/idsdemo\/wp-json\/wp\/v2\/comments?post=15139"}],"wp:featuredmedia":[{"embeddable":true,"href":"https:\/\/server.idssoft.net\/idsdemo\/wp-json\/wp\/v2\/media\/15137"}],"wp:attachment":[{"href":"https:\/\/server.idssoft.net\/idsdemo\/wp-json\/wp\/v2\/media?parent=15139"}],"wp:term":[{"taxonomy":"product_cat","embeddable":true,"href":"https:\/\/server.idssoft.net\/idsdemo\/wp-json\/wp\/v2\/product_cat?post=15139"},{"taxonomy":"product_tag","embeddable":true,"href":"https:\/\/server.idssoft.net\/idsdemo\/wp-json\/wp\/v2\/product_tag?post=15139"}],"curies":[{"name":"wp","href":"https:\/\/api.w.org\/{rel}","templated":true}]}}