{"id":15145,"date":"2021-06-23T15:29:24","date_gmt":"2021-06-23T15:29:24","guid":{"rendered":"https:\/\/server.idssoft.net\/idsdemo\/producto\/triciclo-infantil-convertible-3-en-1-jungle-mix-blanco-biwon\/"},"modified":"2021-06-23T15:29:24","modified_gmt":"2021-06-23T15:29:24","slug":"triciclo-infantil-convertible-3-en-1-jungle-mix-blanco-biwon","status":"publish","type":"product","link":"https:\/\/server.idssoft.net\/idsdemo\/producto\/triciclo-infantil-convertible-3-en-1-jungle-mix-blanco-biwon\/","title":{"rendered":"TRICICLO INFANTIL CONVERTIBLE 3 EN 1 JUNGLE MIX BLANCO BIWON"},"content":{"rendered":"<p>\u00bfEl Triciclo ideal? \u00a1No busques m\u00e1s, lo has encontrado! Disfruta del Triciclo Convertible 3 en 1 Biwond Jungle Mix ideal para edades tempranas de entre 2 a 6 a\u00f1os. Vers\u00e1til y seguro, puedes transformar este triciclo en 3 modalidades seg\u00fan tu peq<\/p>\n","protected":false},"excerpt":{"rendered":"<p>\u00bfEl Triciclo ideal? \u00a1No busques m\u00e1s, lo has encontrado! Disfruta del Triciclo Convertible 3 en 1 Biwond Jungle Mix ideal para edades tempranas de entre 2 a 6 a\u00f1os. Vers\u00e1til y seguro, puedes transformar este triciclo en 3 modalidades seg\u00fan tu peq<\/p>\n","protected":false},"featured_media":15143,"comment_status":"open","ping_status":"closed","template":"","meta":[],"product_cat":[560],"product_tag":[],"class_list":["post-15145","product","type-product","status-publish","has-post-thumbnail","hentry","product_cat-bicicletas","thunk-woo-product-list","opn-qv-enable","top-store-woo-hover-","top-store-single-product-tab-horizontal","top-store-shadow-","top-store-shadow-hover-"],"_links":{"self":[{"href":"https:\/\/server.idssoft.net\/idsdemo\/wp-json\/wp\/v2\/product\/15145","targetHints":{"allow":["GET"]}}],"collection":[{"href":"https:\/\/server.idssoft.net\/idsdemo\/wp-json\/wp\/v2\/product"}],"about":[{"href":"https:\/\/server.idssoft.net\/idsdemo\/wp-json\/wp\/v2\/types\/product"}],"replies":[{"embeddable":true,"href":"https:\/\/server.idssoft.net\/idsdemo\/wp-json\/wp\/v2\/comments?post=15145"}],"wp:featuredmedia":[{"embeddable":true,"href":"https:\/\/server.idssoft.net\/idsdemo\/wp-json\/wp\/v2\/media\/15143"}],"wp:attachment":[{"href":"https:\/\/server.idssoft.net\/idsdemo\/wp-json\/wp\/v2\/media?parent=15145"}],"wp:term":[{"taxonomy":"product_cat","embeddable":true,"href":"https:\/\/server.idssoft.net\/idsdemo\/wp-json\/wp\/v2\/product_cat?post=15145"},{"taxonomy":"product_tag","embeddable":true,"href":"https:\/\/server.idssoft.net\/idsdemo\/wp-json\/wp\/v2\/product_tag?post=15145"}],"curies":[{"name":"wp","href":"https:\/\/api.w.org\/{rel}","templated":true}]}}