{"id":15154,"date":"2021-06-23T15:29:41","date_gmt":"2021-06-23T15:29:41","guid":{"rendered":"https:\/\/server.idssoft.net\/idsdemo\/producto\/trampolin-cama-elastica-2-44-metros-nextjump-8-biwond-azul\/"},"modified":"2021-06-23T15:29:41","modified_gmt":"2021-06-23T15:29:41","slug":"trampolin-cama-elastica-2-44-metros-nextjump-8-biwond-azul","status":"publish","type":"product","link":"https:\/\/server.idssoft.net\/idsdemo\/producto\/trampolin-cama-elastica-2-44-metros-nextjump-8-biwond-azul\/","title":{"rendered":"TRAMPOLIN CAMA ELASTICA 2.44 METROS NEXTJUMP 8 BIWOND AZUL"},"content":{"rendered":"<p>Hazte ya con la Cama El\u00e1stica 2.44m NextJump 8, y divi\u00e9rtete con los m\u00e1s peques saltando sin parar sobre este amplio trampol\u00edn, que tiene nada m\u00e1s y nada menos que 2.44m de di\u00e1metro de superficie de salto. Disfruta con toda familia, y que nada n<\/p>\n","protected":false},"excerpt":{"rendered":"<p>Hazte ya con la Cama El\u00e1stica 2.44m NextJump 8, y divi\u00e9rtete con los m\u00e1s peques saltando sin parar sobre este amplio trampol\u00edn, que tiene nada m\u00e1s y nada menos que 2.44m de di\u00e1metro de superficie de salto. Disfruta con toda familia, y que nada n<\/p>\n","protected":false},"featured_media":15152,"comment_status":"open","ping_status":"closed","template":"","meta":[],"product_cat":[463],"product_tag":[],"class_list":["post-15154","product","type-product","status-publish","has-post-thumbnail","hentry","product_cat-juegos-deportivos","thunk-woo-product-list","opn-qv-enable","top-store-woo-hover-","top-store-single-product-tab-horizontal","top-store-shadow-","top-store-shadow-hover-"],"_links":{"self":[{"href":"https:\/\/server.idssoft.net\/idsdemo\/wp-json\/wp\/v2\/product\/15154","targetHints":{"allow":["GET"]}}],"collection":[{"href":"https:\/\/server.idssoft.net\/idsdemo\/wp-json\/wp\/v2\/product"}],"about":[{"href":"https:\/\/server.idssoft.net\/idsdemo\/wp-json\/wp\/v2\/types\/product"}],"replies":[{"embeddable":true,"href":"https:\/\/server.idssoft.net\/idsdemo\/wp-json\/wp\/v2\/comments?post=15154"}],"wp:featuredmedia":[{"embeddable":true,"href":"https:\/\/server.idssoft.net\/idsdemo\/wp-json\/wp\/v2\/media\/15152"}],"wp:attachment":[{"href":"https:\/\/server.idssoft.net\/idsdemo\/wp-json\/wp\/v2\/media?parent=15154"}],"wp:term":[{"taxonomy":"product_cat","embeddable":true,"href":"https:\/\/server.idssoft.net\/idsdemo\/wp-json\/wp\/v2\/product_cat?post=15154"},{"taxonomy":"product_tag","embeddable":true,"href":"https:\/\/server.idssoft.net\/idsdemo\/wp-json\/wp\/v2\/product_tag?post=15154"}],"curies":[{"name":"wp","href":"https:\/\/api.w.org\/{rel}","templated":true}]}}