{"id":15159,"date":"2021-06-23T15:29:50","date_gmt":"2021-06-23T15:29:50","guid":{"rendered":"https:\/\/server.idssoft.net\/idsdemo\/producto\/auriculares-con-microfono-spirit-of-gamer-elite-h70-negros\/"},"modified":"2021-06-23T15:29:50","modified_gmt":"2021-06-23T15:29:50","slug":"auriculares-con-microfono-spirit-of-gamer-elite-h70-negros","status":"publish","type":"product","link":"https:\/\/server.idssoft.net\/idsdemo\/producto\/auriculares-con-microfono-spirit-of-gamer-elite-h70-negros\/","title":{"rendered":"AURICULARES CON MICR\u00d3FONO SPIRIT OF GAMER ELITE-H70 NEGROS"},"content":{"rendered":"<p>Micr\u00f3fono incorporado flexible y ultra sensible<br \/>7.1 Surround Virtual<br \/>Ajusta el volumen de los auriculares directamente desde \u00e9l<br \/>Retroiluminaci\u00f3n LED blanco<br \/>Aislamiento ac\u00fastico con almohadilla acolchada<br \/>Control remoto inte<\/p>\n","protected":false},"excerpt":{"rendered":"<p>Micr\u00f3fono incorporado flexible y ultra sensible7.1 Surround VirtualAjusta el volumen de los auriculares directamente desde \u00e9lRetroiluminaci\u00f3n LED blancoAislamiento ac\u00fastico con almohadilla acolchadaControl remoto inte<\/p>\n","protected":false},"featured_media":15158,"comment_status":"open","ping_status":"closed","template":"","meta":[],"product_cat":[559],"product_tag":[],"class_list":["post-15159","product","type-product","status-publish","has-post-thumbnail","hentry","product_cat-auriculares-gaming","thunk-woo-product-list","opn-qv-enable","top-store-woo-hover-","top-store-single-product-tab-horizontal","top-store-shadow-","top-store-shadow-hover-"],"_links":{"self":[{"href":"https:\/\/server.idssoft.net\/idsdemo\/wp-json\/wp\/v2\/product\/15159","targetHints":{"allow":["GET"]}}],"collection":[{"href":"https:\/\/server.idssoft.net\/idsdemo\/wp-json\/wp\/v2\/product"}],"about":[{"href":"https:\/\/server.idssoft.net\/idsdemo\/wp-json\/wp\/v2\/types\/product"}],"replies":[{"embeddable":true,"href":"https:\/\/server.idssoft.net\/idsdemo\/wp-json\/wp\/v2\/comments?post=15159"}],"wp:featuredmedia":[{"embeddable":true,"href":"https:\/\/server.idssoft.net\/idsdemo\/wp-json\/wp\/v2\/media\/15158"}],"wp:attachment":[{"href":"https:\/\/server.idssoft.net\/idsdemo\/wp-json\/wp\/v2\/media?parent=15159"}],"wp:term":[{"taxonomy":"product_cat","embeddable":true,"href":"https:\/\/server.idssoft.net\/idsdemo\/wp-json\/wp\/v2\/product_cat?post=15159"},{"taxonomy":"product_tag","embeddable":true,"href":"https:\/\/server.idssoft.net\/idsdemo\/wp-json\/wp\/v2\/product_tag?post=15159"}],"curies":[{"name":"wp","href":"https:\/\/api.w.org\/{rel}","templated":true}]}}