{"id":15162,"date":"2021-06-23T15:29:55","date_gmt":"2021-06-23T15:29:55","guid":{"rendered":"https:\/\/server.idssoft.net\/idsdemo\/producto\/auriculares-gaming-con-microfono-trust-gaming-gxt-404b\/"},"modified":"2021-06-23T15:29:55","modified_gmt":"2021-06-23T15:29:55","slug":"auriculares-gaming-con-microfono-trust-gaming-gxt-404b","status":"publish","type":"product","link":"https:\/\/server.idssoft.net\/idsdemo\/producto\/auriculares-gaming-con-microfono-trust-gaming-gxt-404b\/","title":{"rendered":"AURICULARES GAMING CON MICROFONO TRUST GAMING GXT 404B"},"content":{"rendered":"<p>Suaves y c\u00f3modas almohadillas circumaurales de gran tama\u00f1o<br \/>Micr\u00f3fono plegable y corto y diadema ajustable<br \/>Potentes unidades de altavoces activos de 40 mm<br \/>Mando a distancia integrado para control de volumen y silenciamiento del micr\u00f3<\/p>\n","protected":false},"excerpt":{"rendered":"<p>Suaves y c\u00f3modas almohadillas circumaurales de gran tama\u00f1oMicr\u00f3fono plegable y corto y diadema ajustablePotentes unidades de altavoces activos de 40 mmMando a distancia integrado para control de volumen y silenciamiento del micr\u00f3<\/p>\n","protected":false},"featured_media":15160,"comment_status":"open","ping_status":"closed","template":"","meta":[],"product_cat":[559],"product_tag":[],"class_list":["post-15162","product","type-product","status-publish","has-post-thumbnail","hentry","product_cat-auriculares-gaming","thunk-woo-product-list","opn-qv-enable","top-store-woo-hover-","top-store-single-product-tab-horizontal","top-store-shadow-","top-store-shadow-hover-"],"_links":{"self":[{"href":"https:\/\/server.idssoft.net\/idsdemo\/wp-json\/wp\/v2\/product\/15162","targetHints":{"allow":["GET"]}}],"collection":[{"href":"https:\/\/server.idssoft.net\/idsdemo\/wp-json\/wp\/v2\/product"}],"about":[{"href":"https:\/\/server.idssoft.net\/idsdemo\/wp-json\/wp\/v2\/types\/product"}],"replies":[{"embeddable":true,"href":"https:\/\/server.idssoft.net\/idsdemo\/wp-json\/wp\/v2\/comments?post=15162"}],"wp:featuredmedia":[{"embeddable":true,"href":"https:\/\/server.idssoft.net\/idsdemo\/wp-json\/wp\/v2\/media\/15160"}],"wp:attachment":[{"href":"https:\/\/server.idssoft.net\/idsdemo\/wp-json\/wp\/v2\/media?parent=15162"}],"wp:term":[{"taxonomy":"product_cat","embeddable":true,"href":"https:\/\/server.idssoft.net\/idsdemo\/wp-json\/wp\/v2\/product_cat?post=15162"},{"taxonomy":"product_tag","embeddable":true,"href":"https:\/\/server.idssoft.net\/idsdemo\/wp-json\/wp\/v2\/product_tag?post=15162"}],"curies":[{"name":"wp","href":"https:\/\/api.w.org\/{rel}","templated":true}]}}