{"id":15165,"date":"2021-06-23T15:30:00","date_gmt":"2021-06-23T15:30:00","guid":{"rendered":"https:\/\/server.idssoft.net\/idsdemo\/producto\/auriculares-gaming-con-microfono-trust-gaming-gxt-4371\/"},"modified":"2021-06-23T15:30:00","modified_gmt":"2021-06-23T15:30:00","slug":"auriculares-gaming-con-microfono-trust-gaming-gxt-4371","status":"publish","type":"product","link":"https:\/\/server.idssoft.net\/idsdemo\/producto\/auriculares-gaming-con-microfono-trust-gaming-gxt-4371\/","title":{"rendered":"AURICULARES GAMING CON MICROFONO TRUST GAMING GXT 4371"},"content":{"rendered":"<p>Inmersi\u00f3n total<br \/>Los gr\u00e1ficos est\u00e1n muy bien, pero el audio lo es todo. Para hacerse con la victoria, hay que confiar en un buen sonido. Desde la posici\u00f3n del rival hasta el grito de ayuda de los compa\u00f1eros de equipo, los auriculares GXT 4371<\/p>\n","protected":false},"excerpt":{"rendered":"<p>Inmersi\u00f3n totalLos gr\u00e1ficos est\u00e1n muy bien, pero el audio lo es todo. Para hacerse con la victoria, hay que confiar en un buen sonido. Desde la posici\u00f3n del rival hasta el grito de ayuda de los compa\u00f1eros de equipo, los auriculares GXT 4371<\/p>\n","protected":false},"featured_media":15163,"comment_status":"open","ping_status":"closed","template":"","meta":[],"product_cat":[559],"product_tag":[],"class_list":["post-15165","product","type-product","status-publish","has-post-thumbnail","hentry","product_cat-auriculares-gaming","thunk-woo-product-list","opn-qv-enable","top-store-woo-hover-","top-store-single-product-tab-horizontal","top-store-shadow-","top-store-shadow-hover-"],"_links":{"self":[{"href":"https:\/\/server.idssoft.net\/idsdemo\/wp-json\/wp\/v2\/product\/15165","targetHints":{"allow":["GET"]}}],"collection":[{"href":"https:\/\/server.idssoft.net\/idsdemo\/wp-json\/wp\/v2\/product"}],"about":[{"href":"https:\/\/server.idssoft.net\/idsdemo\/wp-json\/wp\/v2\/types\/product"}],"replies":[{"embeddable":true,"href":"https:\/\/server.idssoft.net\/idsdemo\/wp-json\/wp\/v2\/comments?post=15165"}],"wp:featuredmedia":[{"embeddable":true,"href":"https:\/\/server.idssoft.net\/idsdemo\/wp-json\/wp\/v2\/media\/15163"}],"wp:attachment":[{"href":"https:\/\/server.idssoft.net\/idsdemo\/wp-json\/wp\/v2\/media?parent=15165"}],"wp:term":[{"taxonomy":"product_cat","embeddable":true,"href":"https:\/\/server.idssoft.net\/idsdemo\/wp-json\/wp\/v2\/product_cat?post=15165"},{"taxonomy":"product_tag","embeddable":true,"href":"https:\/\/server.idssoft.net\/idsdemo\/wp-json\/wp\/v2\/product_tag?post=15165"}],"curies":[{"name":"wp","href":"https:\/\/api.w.org\/{rel}","templated":true}]}}