{"id":15174,"date":"2021-06-23T15:30:15","date_gmt":"2021-06-23T15:30:15","guid":{"rendered":"https:\/\/server.idssoft.net\/idsdemo\/producto\/regleta-de-proteccion-3-enchufes-negro-ngs\/"},"modified":"2021-06-23T15:30:15","modified_gmt":"2021-06-23T15:30:15","slug":"regleta-de-proteccion-3-enchufes-negro-ngs","status":"publish","type":"product","link":"https:\/\/server.idssoft.net\/idsdemo\/producto\/regleta-de-proteccion-3-enchufes-negro-ngs\/","title":{"rendered":"REGLETA DE PROTECCI\u00d3N 3 ENCHUFES NEGRO NGS"},"content":{"rendered":"<p>-Protecci\u00f3n contra sobretensiones incorporado.<br \/>-Dise\u00f1ado para cargas el\u00e9ctricas hasta 10 A.<br \/>-Carcasa de pl\u00e1stico de alta calidad retardante de llama.<br \/>-Longitud de cable: 1,5 m<br \/>-Cantidad de salidas AC: 3 salidas AC<\/p>\n","protected":false},"excerpt":{"rendered":"<p>-Protecci\u00f3n contra sobretensiones incorporado.-Dise\u00f1ado para cargas el\u00e9ctricas hasta 10 A.-Carcasa de pl\u00e1stico de alta calidad retardante de llama.-Longitud de cable: 1,5 m-Cantidad de salidas AC: 3 salidas AC<\/p>\n","protected":false},"featured_media":15172,"comment_status":"open","ping_status":"closed","template":"","meta":[],"product_cat":[603],"product_tag":[],"class_list":["post-15174","product","type-product","status-publish","has-post-thumbnail","hentry","product_cat-bases-multiples-adaptadores","thunk-woo-product-list","opn-qv-enable","top-store-woo-hover-","top-store-single-product-tab-horizontal","top-store-shadow-","top-store-shadow-hover-"],"_links":{"self":[{"href":"https:\/\/server.idssoft.net\/idsdemo\/wp-json\/wp\/v2\/product\/15174","targetHints":{"allow":["GET"]}}],"collection":[{"href":"https:\/\/server.idssoft.net\/idsdemo\/wp-json\/wp\/v2\/product"}],"about":[{"href":"https:\/\/server.idssoft.net\/idsdemo\/wp-json\/wp\/v2\/types\/product"}],"replies":[{"embeddable":true,"href":"https:\/\/server.idssoft.net\/idsdemo\/wp-json\/wp\/v2\/comments?post=15174"}],"wp:featuredmedia":[{"embeddable":true,"href":"https:\/\/server.idssoft.net\/idsdemo\/wp-json\/wp\/v2\/media\/15172"}],"wp:attachment":[{"href":"https:\/\/server.idssoft.net\/idsdemo\/wp-json\/wp\/v2\/media?parent=15174"}],"wp:term":[{"taxonomy":"product_cat","embeddable":true,"href":"https:\/\/server.idssoft.net\/idsdemo\/wp-json\/wp\/v2\/product_cat?post=15174"},{"taxonomy":"product_tag","embeddable":true,"href":"https:\/\/server.idssoft.net\/idsdemo\/wp-json\/wp\/v2\/product_tag?post=15174"}],"curies":[{"name":"wp","href":"https:\/\/api.w.org\/{rel}","templated":true}]}}