{"id":15182,"date":"2021-06-23T15:30:30","date_gmt":"2021-06-23T15:30:30","guid":{"rendered":"https:\/\/server.idssoft.net\/idsdemo\/producto\/auriculares-infantiles-otl-inalambricos-peppa-pig-unicorn\/"},"modified":"2021-06-23T15:30:30","modified_gmt":"2021-06-23T15:30:30","slug":"auriculares-infantiles-otl-inalambricos-peppa-pig-unicorn","status":"publish","type":"product","link":"https:\/\/server.idssoft.net\/idsdemo\/producto\/auriculares-infantiles-otl-inalambricos-peppa-pig-unicorn\/","title":{"rendered":"AURICULARES INFANTILES OTL INALAMBRICOS PEPPA PIG UNICORN"},"content":{"rendered":"<p>Con la \u00faltima tecnolog\u00eda Bluetooth y micr\u00f3fono incorporado, estos auriculares inal\u00e1mbricos tienen un tiempo de reproducci\u00f3n de hasta 30 horas y una distancia de trabajo de 10 metros. Son c\u00f3modos y ajustables y ofrecen una excelente calidad de so<\/p>\n","protected":false},"excerpt":{"rendered":"<p>Con la \u00faltima tecnolog\u00eda Bluetooth y micr\u00f3fono incorporado, estos auriculares inal\u00e1mbricos tienen un tiempo de reproducci\u00f3n de hasta 30 horas y una distancia de trabajo de 10 metros. Son c\u00f3modos y ajustables y ofrecen una excelente calidad de so<\/p>\n","protected":false},"featured_media":15180,"comment_status":"open","ping_status":"closed","template":"","meta":[],"product_cat":[476],"product_tag":[],"class_list":["post-15182","product","type-product","status-publish","has-post-thumbnail","hentry","product_cat-auriculares-bluetooth","thunk-woo-product-list","opn-qv-enable","top-store-woo-hover-","top-store-single-product-tab-horizontal","top-store-shadow-","top-store-shadow-hover-"],"_links":{"self":[{"href":"https:\/\/server.idssoft.net\/idsdemo\/wp-json\/wp\/v2\/product\/15182","targetHints":{"allow":["GET"]}}],"collection":[{"href":"https:\/\/server.idssoft.net\/idsdemo\/wp-json\/wp\/v2\/product"}],"about":[{"href":"https:\/\/server.idssoft.net\/idsdemo\/wp-json\/wp\/v2\/types\/product"}],"replies":[{"embeddable":true,"href":"https:\/\/server.idssoft.net\/idsdemo\/wp-json\/wp\/v2\/comments?post=15182"}],"wp:featuredmedia":[{"embeddable":true,"href":"https:\/\/server.idssoft.net\/idsdemo\/wp-json\/wp\/v2\/media\/15180"}],"wp:attachment":[{"href":"https:\/\/server.idssoft.net\/idsdemo\/wp-json\/wp\/v2\/media?parent=15182"}],"wp:term":[{"taxonomy":"product_cat","embeddable":true,"href":"https:\/\/server.idssoft.net\/idsdemo\/wp-json\/wp\/v2\/product_cat?post=15182"},{"taxonomy":"product_tag","embeddable":true,"href":"https:\/\/server.idssoft.net\/idsdemo\/wp-json\/wp\/v2\/product_tag?post=15182"}],"curies":[{"name":"wp","href":"https:\/\/api.w.org\/{rel}","templated":true}]}}