{"id":15202,"date":"2021-06-23T15:31:12","date_gmt":"2021-06-23T15:31:12","guid":{"rendered":"https:\/\/server.idssoft.net\/idsdemo\/producto\/brazo-para-microfono-trust-gaming-gxt-253-giratorio-usb-2-0\/"},"modified":"2021-06-23T15:31:12","modified_gmt":"2021-06-23T15:31:12","slug":"brazo-para-microfono-trust-gaming-gxt-253-giratorio-usb-2-0","status":"publish","type":"product","link":"https:\/\/server.idssoft.net\/idsdemo\/producto\/brazo-para-microfono-trust-gaming-gxt-253-giratorio-usb-2-0\/","title":{"rendered":"BRAZO PARA MICROFONO TRUST GAMING GXT 253 GIRATORIO USB 2.0"},"content":{"rendered":"<p>Brazo ajustable de escritorio para poner el micr\u00f3fono en la posici\u00f3n m\u00e1s c\u00f3moda durante retransmisiones o vlogging<\/p>\n<p>Dise\u00f1o giratorio de 360 grados<br \/>Cable integrado de 290 cm con conector USB-B<br \/>S\u00f3lida abrazadera para fijaci\u00f3n segu<\/p>\n","protected":false},"excerpt":{"rendered":"<p>Brazo ajustable de escritorio para poner el micr\u00f3fono en la posici\u00f3n m\u00e1s c\u00f3moda durante retransmisiones o vlogging Dise\u00f1o giratorio de 360 gradosCable integrado de 290 cm con conector USB-BS\u00f3lida abrazadera para fijaci\u00f3n segu<\/p>\n","protected":false},"featured_media":15200,"comment_status":"open","ping_status":"closed","template":"","meta":[],"product_cat":[475],"product_tag":[],"class_list":["post-15202","product","type-product","status-publish","has-post-thumbnail","hentry","product_cat-microfonos","thunk-woo-product-list","opn-qv-enable","top-store-woo-hover-","top-store-single-product-tab-horizontal","top-store-shadow-","top-store-shadow-hover-"],"_links":{"self":[{"href":"https:\/\/server.idssoft.net\/idsdemo\/wp-json\/wp\/v2\/product\/15202","targetHints":{"allow":["GET"]}}],"collection":[{"href":"https:\/\/server.idssoft.net\/idsdemo\/wp-json\/wp\/v2\/product"}],"about":[{"href":"https:\/\/server.idssoft.net\/idsdemo\/wp-json\/wp\/v2\/types\/product"}],"replies":[{"embeddable":true,"href":"https:\/\/server.idssoft.net\/idsdemo\/wp-json\/wp\/v2\/comments?post=15202"}],"wp:featuredmedia":[{"embeddable":true,"href":"https:\/\/server.idssoft.net\/idsdemo\/wp-json\/wp\/v2\/media\/15200"}],"wp:attachment":[{"href":"https:\/\/server.idssoft.net\/idsdemo\/wp-json\/wp\/v2\/media?parent=15202"}],"wp:term":[{"taxonomy":"product_cat","embeddable":true,"href":"https:\/\/server.idssoft.net\/idsdemo\/wp-json\/wp\/v2\/product_cat?post=15202"},{"taxonomy":"product_tag","embeddable":true,"href":"https:\/\/server.idssoft.net\/idsdemo\/wp-json\/wp\/v2\/product_tag?post=15202"}],"curies":[{"name":"wp","href":"https:\/\/api.w.org\/{rel}","templated":true}]}}