{"id":15208,"date":"2021-06-23T15:31:22","date_gmt":"2021-06-23T15:31:22","guid":{"rendered":"https:\/\/server.idssoft.net\/idsdemo\/producto\/afeitadora-philips-aquatouch-1100-con-bateria\/"},"modified":"2021-06-23T15:31:22","modified_gmt":"2021-06-23T15:31:22","slug":"afeitadora-philips-aquatouch-1100-con-bateria","status":"publish","type":"product","link":"https:\/\/server.idssoft.net\/idsdemo\/producto\/afeitadora-philips-aquatouch-1100-con-bateria\/","title":{"rendered":"AFEITADORA PHILIPS AQUATOUCH 1100 CON BATERIA"},"content":{"rendered":"<p>Consigue un c\u00f3modo afeitado en seco o un afeitado en h\u00famedo m\u00e1s c\u00f3modo con gel o espuma, incluso en la ducha.<br \/>\u2022Sistema de afeitado: Sistema de cuchillas ComfortCut<br \/>\u2022Peine que sigue los contornos: Cabezales Flex de 3 direcciones<\/p>\n","protected":false},"excerpt":{"rendered":"<p>Consigue un c\u00f3modo afeitado en seco o un afeitado en h\u00famedo m\u00e1s c\u00f3modo con gel o espuma, incluso en la ducha.\u2022Sistema de afeitado: Sistema de cuchillas ComfortCut\u2022Peine que sigue los contornos: Cabezales Flex de 3 direcciones<\/p>\n","protected":false},"featured_media":15206,"comment_status":"open","ping_status":"closed","template":"","meta":[],"product_cat":[509],"product_tag":[],"class_list":["post-15208","product","type-product","status-publish","has-post-thumbnail","hentry","product_cat-cuidado-cabello","thunk-woo-product-list","opn-qv-enable","top-store-woo-hover-","top-store-single-product-tab-horizontal","top-store-shadow-","top-store-shadow-hover-"],"_links":{"self":[{"href":"https:\/\/server.idssoft.net\/idsdemo\/wp-json\/wp\/v2\/product\/15208","targetHints":{"allow":["GET"]}}],"collection":[{"href":"https:\/\/server.idssoft.net\/idsdemo\/wp-json\/wp\/v2\/product"}],"about":[{"href":"https:\/\/server.idssoft.net\/idsdemo\/wp-json\/wp\/v2\/types\/product"}],"replies":[{"embeddable":true,"href":"https:\/\/server.idssoft.net\/idsdemo\/wp-json\/wp\/v2\/comments?post=15208"}],"wp:featuredmedia":[{"embeddable":true,"href":"https:\/\/server.idssoft.net\/idsdemo\/wp-json\/wp\/v2\/media\/15206"}],"wp:attachment":[{"href":"https:\/\/server.idssoft.net\/idsdemo\/wp-json\/wp\/v2\/media?parent=15208"}],"wp:term":[{"taxonomy":"product_cat","embeddable":true,"href":"https:\/\/server.idssoft.net\/idsdemo\/wp-json\/wp\/v2\/product_cat?post=15208"},{"taxonomy":"product_tag","embeddable":true,"href":"https:\/\/server.idssoft.net\/idsdemo\/wp-json\/wp\/v2\/product_tag?post=15208"}],"curies":[{"name":"wp","href":"https:\/\/api.w.org\/{rel}","templated":true}]}}