{"id":15215,"date":"2021-06-23T15:31:33","date_gmt":"2021-06-23T15:31:33","guid":{"rendered":"https:\/\/server.idssoft.net\/idsdemo\/producto\/cepillo-dental-braun-oral-b-pulsonic-slim-1200\/"},"modified":"2021-06-23T15:31:33","modified_gmt":"2021-06-23T15:31:33","slug":"cepillo-dental-braun-oral-b-pulsonic-slim-1200","status":"publish","type":"product","link":"https:\/\/server.idssoft.net\/idsdemo\/producto\/cepillo-dental-braun-oral-b-pulsonic-slim-1200\/","title":{"rendered":"CEPILLO DENTAL BRAUN ORAL-B PULSONIC SLIM 1200"},"content":{"rendered":"<p>\u2022Tecnolog\u00eda de limpieza: Tecnolog\u00eda s\u00f3nica<br \/>\u202227.000 vibraciones por minuto<br \/>\u2022Dos modos: limpieza diaria y SENSITIVO<br \/>\u2022El temporizador zumba cada 30 segundos y se\u00f1ala cu\u00e1ndo es el momento de cambiar de cuadrante.<br \/>\u2022El tem<\/p>\n","protected":false},"excerpt":{"rendered":"<p>\u2022Tecnolog\u00eda de limpieza: Tecnolog\u00eda s\u00f3nica\u202227.000 vibraciones por minuto\u2022Dos modos: limpieza diaria y SENSITIVO\u2022El temporizador zumba cada 30 segundos y se\u00f1ala cu\u00e1ndo es el momento de cambiar de cuadrante.\u2022El tem<\/p>\n","protected":false},"featured_media":15213,"comment_status":"open","ping_status":"closed","template":"","meta":[],"product_cat":[555],"product_tag":[],"class_list":["post-15215","product","type-product","status-publish","has-post-thumbnail","hentry","product_cat-cepillos-de-diente","thunk-woo-product-list","opn-qv-enable","top-store-woo-hover-","top-store-single-product-tab-horizontal","top-store-shadow-","top-store-shadow-hover-"],"_links":{"self":[{"href":"https:\/\/server.idssoft.net\/idsdemo\/wp-json\/wp\/v2\/product\/15215","targetHints":{"allow":["GET"]}}],"collection":[{"href":"https:\/\/server.idssoft.net\/idsdemo\/wp-json\/wp\/v2\/product"}],"about":[{"href":"https:\/\/server.idssoft.net\/idsdemo\/wp-json\/wp\/v2\/types\/product"}],"replies":[{"embeddable":true,"href":"https:\/\/server.idssoft.net\/idsdemo\/wp-json\/wp\/v2\/comments?post=15215"}],"wp:featuredmedia":[{"embeddable":true,"href":"https:\/\/server.idssoft.net\/idsdemo\/wp-json\/wp\/v2\/media\/15213"}],"wp:attachment":[{"href":"https:\/\/server.idssoft.net\/idsdemo\/wp-json\/wp\/v2\/media?parent=15215"}],"wp:term":[{"taxonomy":"product_cat","embeddable":true,"href":"https:\/\/server.idssoft.net\/idsdemo\/wp-json\/wp\/v2\/product_cat?post=15215"},{"taxonomy":"product_tag","embeddable":true,"href":"https:\/\/server.idssoft.net\/idsdemo\/wp-json\/wp\/v2\/product_tag?post=15215"}],"curies":[{"name":"wp","href":"https:\/\/api.w.org\/{rel}","templated":true}]}}