{"id":15224,"date":"2021-06-23T15:32:14","date_gmt":"2021-06-23T15:32:14","guid":{"rendered":"https:\/\/server.idssoft.net\/idsdemo\/producto\/maletin-trust-sydney-para-portatiles-hasta-14-35-5cm\/"},"modified":"2021-06-23T15:32:14","modified_gmt":"2021-06-23T15:32:14","slug":"maletin-trust-sydney-para-portatiles-hasta-14-35-5cm","status":"publish","type":"product","link":"https:\/\/server.idssoft.net\/idsdemo\/producto\/maletin-trust-sydney-para-portatiles-hasta-14-35-5cm\/","title":{"rendered":"MALET\u00cdN TRUST SYDNEY &#8211; PARA PORT\u00c1TILES HASTA 14\/35.5CM"},"content":{"rendered":"<p>Compartimento principal acolchado (349 x 245 mm)<br \/>Adecuado para ordenadores port\u00e1tiles de hasta 14&#034;<br \/>Compartimentos delanteros con cremallera para tableta, cargador, etc.<br \/>Dise\u00f1o ligero, cabe f\u00e1cilmente en su maleta<br \/>Material de<\/p>\n","protected":false},"excerpt":{"rendered":"<p>Compartimento principal acolchado (349 x 245 mm)Adecuado para ordenadores port\u00e1tiles de hasta 14&#034;Compartimentos delanteros con cremallera para tableta, cargador, etc.Dise\u00f1o ligero, cabe f\u00e1cilmente en su maletaMaterial de<\/p>\n","protected":false},"featured_media":15223,"comment_status":"open","ping_status":"closed","template":"","meta":[],"product_cat":[484],"product_tag":[],"class_list":["post-15224","product","type-product","status-publish","has-post-thumbnail","hentry","product_cat-accesorios-para-portatiles","thunk-woo-product-list","opn-qv-enable","top-store-woo-hover-","top-store-single-product-tab-horizontal","top-store-shadow-","top-store-shadow-hover-"],"_links":{"self":[{"href":"https:\/\/server.idssoft.net\/idsdemo\/wp-json\/wp\/v2\/product\/15224","targetHints":{"allow":["GET"]}}],"collection":[{"href":"https:\/\/server.idssoft.net\/idsdemo\/wp-json\/wp\/v2\/product"}],"about":[{"href":"https:\/\/server.idssoft.net\/idsdemo\/wp-json\/wp\/v2\/types\/product"}],"replies":[{"embeddable":true,"href":"https:\/\/server.idssoft.net\/idsdemo\/wp-json\/wp\/v2\/comments?post=15224"}],"wp:featuredmedia":[{"embeddable":true,"href":"https:\/\/server.idssoft.net\/idsdemo\/wp-json\/wp\/v2\/media\/15223"}],"wp:attachment":[{"href":"https:\/\/server.idssoft.net\/idsdemo\/wp-json\/wp\/v2\/media?parent=15224"}],"wp:term":[{"taxonomy":"product_cat","embeddable":true,"href":"https:\/\/server.idssoft.net\/idsdemo\/wp-json\/wp\/v2\/product_cat?post=15224"},{"taxonomy":"product_tag","embeddable":true,"href":"https:\/\/server.idssoft.net\/idsdemo\/wp-json\/wp\/v2\/product_tag?post=15224"}],"curies":[{"name":"wp","href":"https:\/\/api.w.org\/{rel}","templated":true}]}}