{"id":15244,"date":"2021-06-23T15:32:51","date_gmt":"2021-06-23T15:32:51","guid":{"rendered":"https:\/\/server.idssoft.net\/idsdemo\/producto\/raton-optico-inalambrico-yvi-800-1600-dpi-azul-negro-trust\/"},"modified":"2021-06-23T15:32:51","modified_gmt":"2021-06-23T15:32:51","slug":"raton-optico-inalambrico-yvi-800-1600-dpi-azul-negro-trust","status":"publish","type":"product","link":"https:\/\/server.idssoft.net\/idsdemo\/producto\/raton-optico-inalambrico-yvi-800-1600-dpi-azul-negro-trust\/","title":{"rendered":"RATON OPTICO INALAMBRICO YVI 800 \/ 1600 DPI AZUL NEGRO TRUST"},"content":{"rendered":"<p>\u2022 Compacto rat\u00f3n \u00f3ptico inal\u00e1mbrico con c\u00f3moda forma<br \/>\u2022 Microrreceptor; ench\u00fafelo una vez y no tendr\u00e1 que volver a desenchufarlo<br \/>\u2022 Lados de goma para un mayor comodidad y mejor agarre<br \/>\u2022 Cobertura inal\u00e1mbrica de 8 m (2,4 GH<\/p>\n","protected":false},"excerpt":{"rendered":"<p>\u2022 Compacto rat\u00f3n \u00f3ptico inal\u00e1mbrico con c\u00f3moda forma\u2022 Microrreceptor; ench\u00fafelo una vez y no tendr\u00e1 que volver a desenchufarlo\u2022 Lados de goma para un mayor comodidad y mejor agarre\u2022 Cobertura inal\u00e1mbrica de 8 m (2,4 GH<\/p>\n","protected":false},"featured_media":15242,"comment_status":"open","ping_status":"closed","template":"","meta":[],"product_cat":[480],"product_tag":[],"class_list":["post-15244","product","type-product","status-publish","has-post-thumbnail","hentry","product_cat-ratones","thunk-woo-product-list","opn-qv-enable","top-store-woo-hover-","top-store-single-product-tab-horizontal","top-store-shadow-","top-store-shadow-hover-"],"_links":{"self":[{"href":"https:\/\/server.idssoft.net\/idsdemo\/wp-json\/wp\/v2\/product\/15244","targetHints":{"allow":["GET"]}}],"collection":[{"href":"https:\/\/server.idssoft.net\/idsdemo\/wp-json\/wp\/v2\/product"}],"about":[{"href":"https:\/\/server.idssoft.net\/idsdemo\/wp-json\/wp\/v2\/types\/product"}],"replies":[{"embeddable":true,"href":"https:\/\/server.idssoft.net\/idsdemo\/wp-json\/wp\/v2\/comments?post=15244"}],"wp:featuredmedia":[{"embeddable":true,"href":"https:\/\/server.idssoft.net\/idsdemo\/wp-json\/wp\/v2\/media\/15242"}],"wp:attachment":[{"href":"https:\/\/server.idssoft.net\/idsdemo\/wp-json\/wp\/v2\/media?parent=15244"}],"wp:term":[{"taxonomy":"product_cat","embeddable":true,"href":"https:\/\/server.idssoft.net\/idsdemo\/wp-json\/wp\/v2\/product_cat?post=15244"},{"taxonomy":"product_tag","embeddable":true,"href":"https:\/\/server.idssoft.net\/idsdemo\/wp-json\/wp\/v2\/product_tag?post=15244"}],"curies":[{"name":"wp","href":"https:\/\/api.w.org\/{rel}","templated":true}]}}