{"id":15259,"date":"2021-06-23T15:33:19","date_gmt":"2021-06-23T15:33:19","guid":{"rendered":"https:\/\/server.idssoft.net\/idsdemo\/producto\/teclado-multimedia-ziva-resistente-derrames-trust\/"},"modified":"2021-06-23T15:33:19","modified_gmt":"2021-06-23T15:33:19","slug":"teclado-multimedia-ziva-resistente-derrames-trust","status":"publish","type":"product","link":"https:\/\/server.idssoft.net\/idsdemo\/producto\/teclado-multimedia-ziva-resistente-derrames-trust\/","title":{"rendered":"TECLADO MULTIMEDIA ZIVA RESISTENTE DERRAMES TRUST"},"content":{"rendered":"<p>Teclado de tama\u00f1o normal con disposici\u00f3n de teclas cl\u00e1sica y 12 funciones multimedia<\/p>\n<p>\u2022 Escritura c\u00f3moda y silenciosa<br \/>\u2022 12 teclas de funci\u00f3n multimedia (combinaci\u00f3n en teclas &#034;F&#034;)<br \/>\u2022 Resistente a los vertidos<br \/>?<\/p>\n","protected":false},"excerpt":{"rendered":"<p>Teclado de tama\u00f1o normal con disposici\u00f3n de teclas cl\u00e1sica y 12 funciones multimedia \u2022 Escritura c\u00f3moda y silenciosa\u2022 12 teclas de funci\u00f3n multimedia (combinaci\u00f3n en teclas &#034;F&#034;)\u2022 Resistente a los vertidos?<\/p>\n","protected":false},"featured_media":15257,"comment_status":"open","ping_status":"closed","template":"","meta":[],"product_cat":[566],"product_tag":[],"class_list":["post-15259","product","type-product","status-publish","has-post-thumbnail","hentry","product_cat-teclados","thunk-woo-product-list","opn-qv-enable","top-store-woo-hover-","top-store-single-product-tab-horizontal","top-store-shadow-","top-store-shadow-hover-"],"_links":{"self":[{"href":"https:\/\/server.idssoft.net\/idsdemo\/wp-json\/wp\/v2\/product\/15259","targetHints":{"allow":["GET"]}}],"collection":[{"href":"https:\/\/server.idssoft.net\/idsdemo\/wp-json\/wp\/v2\/product"}],"about":[{"href":"https:\/\/server.idssoft.net\/idsdemo\/wp-json\/wp\/v2\/types\/product"}],"replies":[{"embeddable":true,"href":"https:\/\/server.idssoft.net\/idsdemo\/wp-json\/wp\/v2\/comments?post=15259"}],"wp:featuredmedia":[{"embeddable":true,"href":"https:\/\/server.idssoft.net\/idsdemo\/wp-json\/wp\/v2\/media\/15257"}],"wp:attachment":[{"href":"https:\/\/server.idssoft.net\/idsdemo\/wp-json\/wp\/v2\/media?parent=15259"}],"wp:term":[{"taxonomy":"product_cat","embeddable":true,"href":"https:\/\/server.idssoft.net\/idsdemo\/wp-json\/wp\/v2\/product_cat?post=15259"},{"taxonomy":"product_tag","embeddable":true,"href":"https:\/\/server.idssoft.net\/idsdemo\/wp-json\/wp\/v2\/product_tag?post=15259"}],"curies":[{"name":"wp","href":"https:\/\/api.w.org\/{rel}","templated":true}]}}