{"id":15265,"date":"2021-06-23T15:33:30","date_gmt":"2021-06-23T15:33:30","guid":{"rendered":"https:\/\/server.idssoft.net\/idsdemo\/producto\/yogurtera-20w-1-litro-con-accesorios-para-yogur-griego-ariet\/"},"modified":"2021-06-23T15:33:30","modified_gmt":"2021-06-23T15:33:30","slug":"yogurtera-20w-1-litro-con-accesorios-para-yogur-griego-ariet","status":"publish","type":"product","link":"https:\/\/server.idssoft.net\/idsdemo\/producto\/yogurtera-20w-1-litro-con-accesorios-para-yogur-griego-ariet\/","title":{"rendered":"YOGURTERA 20W 1 LITRO CON ACCESORIOS PARA YOGUR GRIEGO ARIET"},"content":{"rendered":"<p>Yogurella es la nueva m\u00e1quina de yogur compacta con un dise\u00f1o moderno y b\u00e1sico, puede preparar hasta 1 litro de yogur cl\u00e1sico y griego. Cuenta con luz y tambi\u00e9n con una tapa doble para garantizar la m\u00e1xima higiene durante la preparaci\u00f3n. Incluy<\/p>\n","protected":false},"excerpt":{"rendered":"<p>Yogurella es la nueva m\u00e1quina de yogur compacta con un dise\u00f1o moderno y b\u00e1sico, puede preparar hasta 1 litro de yogur cl\u00e1sico y griego. Cuenta con luz y tambi\u00e9n con una tapa doble para garantizar la m\u00e1xima higiene durante la preparaci\u00f3n. Incluy<\/p>\n","protected":false},"featured_media":15263,"comment_status":"open","ping_status":"closed","template":"","meta":[],"product_cat":[512],"product_tag":[],"class_list":["post-15265","product","type-product","status-publish","has-post-thumbnail","hentry","product_cat-neveras","thunk-woo-product-list","opn-qv-enable","top-store-woo-hover-","top-store-single-product-tab-horizontal","top-store-shadow-","top-store-shadow-hover-"],"_links":{"self":[{"href":"https:\/\/server.idssoft.net\/idsdemo\/wp-json\/wp\/v2\/product\/15265","targetHints":{"allow":["GET"]}}],"collection":[{"href":"https:\/\/server.idssoft.net\/idsdemo\/wp-json\/wp\/v2\/product"}],"about":[{"href":"https:\/\/server.idssoft.net\/idsdemo\/wp-json\/wp\/v2\/types\/product"}],"replies":[{"embeddable":true,"href":"https:\/\/server.idssoft.net\/idsdemo\/wp-json\/wp\/v2\/comments?post=15265"}],"wp:featuredmedia":[{"embeddable":true,"href":"https:\/\/server.idssoft.net\/idsdemo\/wp-json\/wp\/v2\/media\/15263"}],"wp:attachment":[{"href":"https:\/\/server.idssoft.net\/idsdemo\/wp-json\/wp\/v2\/media?parent=15265"}],"wp:term":[{"taxonomy":"product_cat","embeddable":true,"href":"https:\/\/server.idssoft.net\/idsdemo\/wp-json\/wp\/v2\/product_cat?post=15265"},{"taxonomy":"product_tag","embeddable":true,"href":"https:\/\/server.idssoft.net\/idsdemo\/wp-json\/wp\/v2\/product_tag?post=15265"}],"curies":[{"name":"wp","href":"https:\/\/api.w.org\/{rel}","templated":true}]}}