{"id":15283,"date":"2021-06-23T15:34:02","date_gmt":"2021-06-23T15:34:02","guid":{"rendered":"https:\/\/server.idssoft.net\/idsdemo\/producto\/zapatero-metalico-plateado-5-baldas-60x30x90cm\/"},"modified":"2021-06-23T15:34:02","modified_gmt":"2021-06-23T15:34:02","slug":"zapatero-metalico-plateado-5-baldas-60x30x90cm","status":"publish","type":"product","link":"https:\/\/server.idssoft.net\/idsdemo\/producto\/zapatero-metalico-plateado-5-baldas-60x30x90cm\/","title":{"rendered":"ZAPATERO METALICO PLATEADO 5 BALDAS 60X30X90CM"},"content":{"rendered":"<p>Perfecto para organizar tus zapatos de manera pr\u00e1ctica. Indicado para espacios interiores. Col\u00f3calo en tu dormitorio, recibidor o vestidor y mant\u00e9n tu calzado en orden.<br \/>Su estructura en forma rectangular compuesta por cinco baldas en acero ino<\/p>\n","protected":false},"excerpt":{"rendered":"<p>Perfecto para organizar tus zapatos de manera pr\u00e1ctica. Indicado para espacios interiores. Col\u00f3calo en tu dormitorio, recibidor o vestidor y mant\u00e9n tu calzado en orden.Su estructura en forma rectangular compuesta por cinco baldas en acero ino<\/p>\n","protected":false},"featured_media":15281,"comment_status":"open","ping_status":"closed","template":"","meta":[],"product_cat":[539],"product_tag":[],"class_list":["post-15283","product","type-product","status-publish","has-post-thumbnail","hentry","product_cat-ordenacion","thunk-woo-product-list","opn-qv-enable","top-store-woo-hover-","top-store-single-product-tab-horizontal","top-store-shadow-","top-store-shadow-hover-"],"_links":{"self":[{"href":"https:\/\/server.idssoft.net\/idsdemo\/wp-json\/wp\/v2\/product\/15283","targetHints":{"allow":["GET"]}}],"collection":[{"href":"https:\/\/server.idssoft.net\/idsdemo\/wp-json\/wp\/v2\/product"}],"about":[{"href":"https:\/\/server.idssoft.net\/idsdemo\/wp-json\/wp\/v2\/types\/product"}],"replies":[{"embeddable":true,"href":"https:\/\/server.idssoft.net\/idsdemo\/wp-json\/wp\/v2\/comments?post=15283"}],"wp:featuredmedia":[{"embeddable":true,"href":"https:\/\/server.idssoft.net\/idsdemo\/wp-json\/wp\/v2\/media\/15281"}],"wp:attachment":[{"href":"https:\/\/server.idssoft.net\/idsdemo\/wp-json\/wp\/v2\/media?parent=15283"}],"wp:term":[{"taxonomy":"product_cat","embeddable":true,"href":"https:\/\/server.idssoft.net\/idsdemo\/wp-json\/wp\/v2\/product_cat?post=15283"},{"taxonomy":"product_tag","embeddable":true,"href":"https:\/\/server.idssoft.net\/idsdemo\/wp-json\/wp\/v2\/product_tag?post=15283"}],"curies":[{"name":"wp","href":"https:\/\/api.w.org\/{rel}","templated":true}]}}