{"id":15290,"date":"2021-06-23T15:34:13","date_gmt":"2021-06-23T15:34:13","guid":{"rendered":"https:\/\/server.idssoft.net\/idsdemo\/producto\/telefono-movil-alcatel-3026x-2-8-metalic-silver\/"},"modified":"2021-06-23T15:34:13","modified_gmt":"2021-06-23T15:34:13","slug":"telefono-movil-alcatel-3026x-2-8-metalic-silver","status":"publish","type":"product","link":"https:\/\/server.idssoft.net\/idsdemo\/producto\/telefono-movil-alcatel-3026x-2-8-metalic-silver\/","title":{"rendered":"TELEFONO MOVIL ALCATEL 3026X 2.8 METALIC SILVER"},"content":{"rendered":"<p>Procesador y memoria RAM: Spreadtrum SC7703 y 128 MB de RAM<br \/>Pantalla: 2,8 pulgadas con resoluci\u00f3n QVGA (320 \u00d7 240 pixeles)<br \/>C\u00e1mara: Sensor \u00fanico de 2 megapixeles interpolare a 3,2 megapixeles con flash LED<br \/>Memoria interna: 256 MB de<\/p>\n","protected":false},"excerpt":{"rendered":"<p>Procesador y memoria RAM: Spreadtrum SC7703 y 128 MB de RAMPantalla: 2,8 pulgadas con resoluci\u00f3n QVGA (320 \u00d7 240 pixeles)C\u00e1mara: Sensor \u00fanico de 2 megapixeles interpolare a 3,2 megapixeles con flash LEDMemoria interna: 256 MB de<\/p>\n","protected":false},"featured_media":15288,"comment_status":"open","ping_status":"closed","template":"","meta":[],"product_cat":[489],"product_tag":[],"class_list":["post-15290","product","type-product","status-publish","has-post-thumbnail","hentry","product_cat-telefonia-movil-gama-baja","thunk-woo-product-list","opn-qv-enable","top-store-woo-hover-","top-store-single-product-tab-horizontal","top-store-shadow-","top-store-shadow-hover-"],"_links":{"self":[{"href":"https:\/\/server.idssoft.net\/idsdemo\/wp-json\/wp\/v2\/product\/15290","targetHints":{"allow":["GET"]}}],"collection":[{"href":"https:\/\/server.idssoft.net\/idsdemo\/wp-json\/wp\/v2\/product"}],"about":[{"href":"https:\/\/server.idssoft.net\/idsdemo\/wp-json\/wp\/v2\/types\/product"}],"replies":[{"embeddable":true,"href":"https:\/\/server.idssoft.net\/idsdemo\/wp-json\/wp\/v2\/comments?post=15290"}],"wp:featuredmedia":[{"embeddable":true,"href":"https:\/\/server.idssoft.net\/idsdemo\/wp-json\/wp\/v2\/media\/15288"}],"wp:attachment":[{"href":"https:\/\/server.idssoft.net\/idsdemo\/wp-json\/wp\/v2\/media?parent=15290"}],"wp:term":[{"taxonomy":"product_cat","embeddable":true,"href":"https:\/\/server.idssoft.net\/idsdemo\/wp-json\/wp\/v2\/product_cat?post=15290"},{"taxonomy":"product_tag","embeddable":true,"href":"https:\/\/server.idssoft.net\/idsdemo\/wp-json\/wp\/v2\/product_tag?post=15290"}],"curies":[{"name":"wp","href":"https:\/\/api.w.org\/{rel}","templated":true}]}}