{"id":15299,"date":"2021-06-23T15:34:33","date_gmt":"2021-06-23T15:34:33","guid":{"rendered":"https:\/\/server.idssoft.net\/idsdemo\/producto\/expositor-12-sprays-hidroalcoholico-higienizante-30ml-aromas\/"},"modified":"2021-06-23T15:34:33","modified_gmt":"2021-06-23T15:34:33","slug":"expositor-12-sprays-hidroalcoholico-higienizante-30ml-aromas","status":"publish","type":"product","link":"https:\/\/server.idssoft.net\/idsdemo\/producto\/expositor-12-sprays-hidroalcoholico-higienizante-30ml-aromas\/","title":{"rendered":"EXPOSITOR 12 SPRAYS HIDROALCOHOLICO HIGIENIZANTE 30ML AROMAS"},"content":{"rendered":"<p>Expositor de 12 unidades de Spray, soluci\u00f3n hidroalcoh\u00f3lica, indicado para la higienizaci\u00f3n de las manos, sin necesidad de enjuagar con agua tras su aplicaci\u00f3n.<\/p>\n<p>Una textura l\u00edquida con aplicaci\u00f3n en sprayer para una r\u00e1pida absorci\u00f3n, en<\/p>\n","protected":false},"excerpt":{"rendered":"<p>Expositor de 12 unidades de Spray, soluci\u00f3n hidroalcoh\u00f3lica, indicado para la higienizaci\u00f3n de las manos, sin necesidad de enjuagar con agua tras su aplicaci\u00f3n. Una textura l\u00edquida con aplicaci\u00f3n en sprayer para una r\u00e1pida absorci\u00f3n, en<\/p>\n","protected":false},"featured_media":15298,"comment_status":"open","ping_status":"closed","template":"","meta":[],"product_cat":[651],"product_tag":[],"class_list":["post-15299","product","type-product","status-publish","has-post-thumbnail","hentry","product_cat-geles-sprays","thunk-woo-product-list","opn-qv-enable","top-store-woo-hover-","top-store-single-product-tab-horizontal","top-store-shadow-","top-store-shadow-hover-"],"_links":{"self":[{"href":"https:\/\/server.idssoft.net\/idsdemo\/wp-json\/wp\/v2\/product\/15299","targetHints":{"allow":["GET"]}}],"collection":[{"href":"https:\/\/server.idssoft.net\/idsdemo\/wp-json\/wp\/v2\/product"}],"about":[{"href":"https:\/\/server.idssoft.net\/idsdemo\/wp-json\/wp\/v2\/types\/product"}],"replies":[{"embeddable":true,"href":"https:\/\/server.idssoft.net\/idsdemo\/wp-json\/wp\/v2\/comments?post=15299"}],"wp:featuredmedia":[{"embeddable":true,"href":"https:\/\/server.idssoft.net\/idsdemo\/wp-json\/wp\/v2\/media\/15298"}],"wp:attachment":[{"href":"https:\/\/server.idssoft.net\/idsdemo\/wp-json\/wp\/v2\/media?parent=15299"}],"wp:term":[{"taxonomy":"product_cat","embeddable":true,"href":"https:\/\/server.idssoft.net\/idsdemo\/wp-json\/wp\/v2\/product_cat?post=15299"},{"taxonomy":"product_tag","embeddable":true,"href":"https:\/\/server.idssoft.net\/idsdemo\/wp-json\/wp\/v2\/product_tag?post=15299"}],"curies":[{"name":"wp","href":"https:\/\/api.w.org\/{rel}","templated":true}]}}