{"id":15301,"date":"2021-06-23T15:34:37","date_gmt":"2021-06-23T15:34:37","guid":{"rendered":"https:\/\/server.idssoft.net\/idsdemo\/producto\/linkjoy-vibrador-buldy-lubricante-efecto-calor-nanami-usb\/"},"modified":"2021-06-23T15:34:37","modified_gmt":"2021-06-23T15:34:37","slug":"linkjoy-vibrador-buldy-lubricante-efecto-calor-nanami-usb","status":"publish","type":"product","link":"https:\/\/server.idssoft.net\/idsdemo\/producto\/linkjoy-vibrador-buldy-lubricante-efecto-calor-nanami-usb\/","title":{"rendered":"LINK&amp;JOY VIBRADOR BULDY + LUBRICANTE EFECTO CALOR NANAMI USB"},"content":{"rendered":"<p>Si est\u00e1s indecisa y no sabes que juguete prefieres, la gama Link&amp;Joy es la tuya.<\/p>\n<p>Esta gama de juguetes de \u00faltima generaci\u00f3n est\u00e1 compuesta por un controlador y 3 cabezales intercambiables de la m\u00e1s alta calidad, ideal para que no tenga<\/p>\n","protected":false},"excerpt":{"rendered":"<p>Si est\u00e1s indecisa y no sabes que juguete prefieres, la gama Link&amp;Joy es la tuya. Esta gama de juguetes de \u00faltima generaci\u00f3n est\u00e1 compuesta por un controlador y 3 cabezales intercambiables de la m\u00e1s alta calidad, ideal para que no tenga<\/p>\n","protected":false},"featured_media":15300,"comment_status":"open","ping_status":"closed","template":"","meta":[],"product_cat":[557],"product_tag":[],"class_list":["post-15301","product","type-product","status-publish","has-post-thumbnail","hentry","product_cat-juguetes-sexuales","thunk-woo-product-list","opn-qv-enable","top-store-woo-hover-","top-store-single-product-tab-horizontal","top-store-shadow-","top-store-shadow-hover-"],"_links":{"self":[{"href":"https:\/\/server.idssoft.net\/idsdemo\/wp-json\/wp\/v2\/product\/15301","targetHints":{"allow":["GET"]}}],"collection":[{"href":"https:\/\/server.idssoft.net\/idsdemo\/wp-json\/wp\/v2\/product"}],"about":[{"href":"https:\/\/server.idssoft.net\/idsdemo\/wp-json\/wp\/v2\/types\/product"}],"replies":[{"embeddable":true,"href":"https:\/\/server.idssoft.net\/idsdemo\/wp-json\/wp\/v2\/comments?post=15301"}],"wp:featuredmedia":[{"embeddable":true,"href":"https:\/\/server.idssoft.net\/idsdemo\/wp-json\/wp\/v2\/media\/15300"}],"wp:attachment":[{"href":"https:\/\/server.idssoft.net\/idsdemo\/wp-json\/wp\/v2\/media?parent=15301"}],"wp:term":[{"taxonomy":"product_cat","embeddable":true,"href":"https:\/\/server.idssoft.net\/idsdemo\/wp-json\/wp\/v2\/product_cat?post=15301"},{"taxonomy":"product_tag","embeddable":true,"href":"https:\/\/server.idssoft.net\/idsdemo\/wp-json\/wp\/v2\/product_tag?post=15301"}],"curies":[{"name":"wp","href":"https:\/\/api.w.org\/{rel}","templated":true}]}}