{"id":15311,"date":"2021-06-23T15:34:57","date_gmt":"2021-06-23T15:34:57","guid":{"rendered":"https:\/\/server.idssoft.net\/idsdemo\/producto\/smartwatch-xiaomi-mi-watch-lite-marfil-gps-pulsaciones\/"},"modified":"2021-06-23T15:34:57","modified_gmt":"2021-06-23T15:34:57","slug":"smartwatch-xiaomi-mi-watch-lite-marfil-gps-pulsaciones","status":"publish","type":"product","link":"https:\/\/server.idssoft.net\/idsdemo\/producto\/smartwatch-xiaomi-mi-watch-lite-marfil-gps-pulsaciones\/","title":{"rendered":"SMARTWATCH XIAOMI MI WATCH LITE MARFIL | GPS | PULSACIONES"},"content":{"rendered":"<p>\u2022Pantalla: Pantalla LCD de 1,4\u00bb<br \/>\u2022Resoluci\u00f3n: 320 * 320<br \/>\u2022Sensor de 6 ejes: Aceler\u00f3metro de 3 ejes y giroscopio de 3 ejes<br \/>\u2022Sensor de frecuencia cardiaca: L-Sensor<br \/>\u2022Br\u00fajula: Bar\u00f3metro (alt\u00edmetro)<br \/>\u2022Bater\u00eda: 230<\/p>\n","protected":false},"excerpt":{"rendered":"<p>\u2022Pantalla: Pantalla LCD de 1,4\u00bb\u2022Resoluci\u00f3n: 320 * 320\u2022Sensor de 6 ejes: Aceler\u00f3metro de 3 ejes y giroscopio de 3 ejes\u2022Sensor de frecuencia cardiaca: L-Sensor\u2022Br\u00fajula: Bar\u00f3metro (alt\u00edmetro)\u2022Bater\u00eda: 230<\/p>\n","protected":false},"featured_media":15309,"comment_status":"open","ping_status":"closed","template":"","meta":[],"product_cat":[492],"product_tag":[],"class_list":["post-15311","product","type-product","status-publish","has-post-thumbnail","hentry","product_cat-smartwatch-pulseras","thunk-woo-product-list","opn-qv-enable","top-store-woo-hover-","top-store-single-product-tab-horizontal","top-store-shadow-","top-store-shadow-hover-"],"_links":{"self":[{"href":"https:\/\/server.idssoft.net\/idsdemo\/wp-json\/wp\/v2\/product\/15311","targetHints":{"allow":["GET"]}}],"collection":[{"href":"https:\/\/server.idssoft.net\/idsdemo\/wp-json\/wp\/v2\/product"}],"about":[{"href":"https:\/\/server.idssoft.net\/idsdemo\/wp-json\/wp\/v2\/types\/product"}],"replies":[{"embeddable":true,"href":"https:\/\/server.idssoft.net\/idsdemo\/wp-json\/wp\/v2\/comments?post=15311"}],"wp:featuredmedia":[{"embeddable":true,"href":"https:\/\/server.idssoft.net\/idsdemo\/wp-json\/wp\/v2\/media\/15309"}],"wp:attachment":[{"href":"https:\/\/server.idssoft.net\/idsdemo\/wp-json\/wp\/v2\/media?parent=15311"}],"wp:term":[{"taxonomy":"product_cat","embeddable":true,"href":"https:\/\/server.idssoft.net\/idsdemo\/wp-json\/wp\/v2\/product_cat?post=15311"},{"taxonomy":"product_tag","embeddable":true,"href":"https:\/\/server.idssoft.net\/idsdemo\/wp-json\/wp\/v2\/product_tag?post=15311"}],"curies":[{"name":"wp","href":"https:\/\/api.w.org\/{rel}","templated":true}]}}