{"id":15314,"date":"2021-06-23T15:35:02","date_gmt":"2021-06-23T15:35:02","guid":{"rendered":"https:\/\/server.idssoft.net\/idsdemo\/producto\/auriculares-trust-ziva-black-con-microfono-y-control-volumen\/"},"modified":"2021-06-23T15:35:02","modified_gmt":"2021-06-23T15:35:02","slug":"auriculares-trust-ziva-black-con-microfono-y-control-volumen","status":"publish","type":"product","link":"https:\/\/server.idssoft.net\/idsdemo\/producto\/auriculares-trust-ziva-black-con-microfono-y-control-volumen\/","title":{"rendered":"AURICULARES TRUST ZIVA BLACK CON MICROFONO Y CONTROL VOLUMEN"},"content":{"rendered":"<p>Auriculares con gran calidad de sonido, plegables y de dise\u00f1o moderno, para smartphones y tabletas<\/p>\n<p>\u2022 Diadema ajustable, recubierta con tejido<br \/>\u2022 Dise\u00f1o compacto plegable con c\u00f3modas almohadillas para los o\u00eddos<br \/>\u2022 El mando a di<\/p>\n","protected":false},"excerpt":{"rendered":"<p>Auriculares con gran calidad de sonido, plegables y de dise\u00f1o moderno, para smartphones y tabletas \u2022 Diadema ajustable, recubierta con tejido\u2022 Dise\u00f1o compacto plegable con c\u00f3modas almohadillas para los o\u00eddos\u2022 El mando a di<\/p>\n","protected":false},"featured_media":15312,"comment_status":"open","ping_status":"closed","template":"","meta":[],"product_cat":[474],"product_tag":[],"class_list":["post-15314","product","type-product","status-publish","has-post-thumbnail","hentry","product_cat-auriculares-con-cable","thunk-woo-product-list","opn-qv-enable","top-store-woo-hover-","top-store-single-product-tab-horizontal","top-store-shadow-","top-store-shadow-hover-"],"_links":{"self":[{"href":"https:\/\/server.idssoft.net\/idsdemo\/wp-json\/wp\/v2\/product\/15314","targetHints":{"allow":["GET"]}}],"collection":[{"href":"https:\/\/server.idssoft.net\/idsdemo\/wp-json\/wp\/v2\/product"}],"about":[{"href":"https:\/\/server.idssoft.net\/idsdemo\/wp-json\/wp\/v2\/types\/product"}],"replies":[{"embeddable":true,"href":"https:\/\/server.idssoft.net\/idsdemo\/wp-json\/wp\/v2\/comments?post=15314"}],"wp:featuredmedia":[{"embeddable":true,"href":"https:\/\/server.idssoft.net\/idsdemo\/wp-json\/wp\/v2\/media\/15312"}],"wp:attachment":[{"href":"https:\/\/server.idssoft.net\/idsdemo\/wp-json\/wp\/v2\/media?parent=15314"}],"wp:term":[{"taxonomy":"product_cat","embeddable":true,"href":"https:\/\/server.idssoft.net\/idsdemo\/wp-json\/wp\/v2\/product_cat?post=15314"},{"taxonomy":"product_tag","embeddable":true,"href":"https:\/\/server.idssoft.net\/idsdemo\/wp-json\/wp\/v2\/product_tag?post=15314"}],"curies":[{"name":"wp","href":"https:\/\/api.w.org\/{rel}","templated":true}]}}